{"id":1318,"date":"2021-11-21T15:14:19","date_gmt":"2021-11-21T15:14:19","guid":{"rendered":"https:\/\/pivotfox.solutions\/about\/"},"modified":"2024-11-20T11:17:24","modified_gmt":"2024-11-20T11:17:24","slug":"about","status":"publish","type":"page","link":"https:\/\/pivotfox.solutions\/en\/about\/","title":{"rendered":"About Us"},"content":{"rendered":"<div data-elementor-type=\"wp-page\" data-elementor-id=\"1318\" class=\"elementor elementor-1318\">\n\t\t\t\t<div class=\"elementor-element elementor-element-dcfb448 e-con-full e-flex e-con e-parent\" data-id=\"dcfb448\" data-element_type=\"container\" data-e-type=\"container\" data-settings=\"{&quot;background_background&quot;:&quot;gradient&quot;}\">\n\t\t<div class=\"elementor-element elementor-element-d21b7e0 e-flex e-con-boxed e-con e-child\" data-id=\"d21b7e0\" data-element_type=\"container\" data-e-type=\"container\">\n\t\t\t\t\t<div class=\"e-con-inner\">\n\t\t\t\t<div class=\"elementor-element elementor-element-e9fd9dc elementor-widget elementor-widget-heading\" data-id=\"e9fd9dc\" data-element_type=\"widget\" data-e-type=\"widget\" data-widget_type=\"heading.default\">\n\t\t\t\t<div class=\"elementor-widget-container\">\n\t\t\t\t\t<h2 class=\"elementor-heading-title elementor-size-default\">ABOUT US<\/h2>\t\t\t\t<\/div>\n\t\t\t\t<\/div>\n\t\t\t\t\t<\/div>\n\t\t\t\t<\/div>\n\t\t\t\t<\/div>\n\t\t<div class=\"elementor-element elementor-element-f5bdae3 e-flex e-con-boxed e-con e-parent\" data-id=\"f5bdae3\" data-element_type=\"container\" data-e-type=\"container\">\n\t\t\t\t\t<div class=\"e-con-inner\">\n\t\t\t\t<div class=\"elementor-element elementor-element-b4b4947 elementor-widget elementor-widget-spacer\" data-id=\"b4b4947\" data-element_type=\"widget\" data-e-type=\"widget\" data-widget_type=\"spacer.default\">\n\t\t\t\t<div class=\"elementor-widget-container\">\n\t\t\t\t\t\t\t<div class=\"elementor-spacer\">\n\t\t\t<div class=\"elementor-spacer-inner\"><\/div>\n\t\t<\/div>\n\t\t\t\t\t\t<\/div>\n\t\t\t\t<\/div>\n\t\t\t\t\t<\/div>\n\t\t\t\t<\/div>\n\t\t<div class=\"elementor-element elementor-element-500861b e-flex e-con-boxed e-con e-parent\" data-id=\"500861b\" data-element_type=\"container\" data-e-type=\"container\">\n\t\t\t\t\t<div class=\"e-con-inner\">\n\t\t<div class=\"elementor-element elementor-element-7dbc6fb e-con-full e-flex e-con e-child\" data-id=\"7dbc6fb\" data-element_type=\"container\" data-e-type=\"container\">\n\t\t\t\t<div class=\"elementor-element elementor-element-ea4e89e elementor-widget elementor-widget-text-editor\" data-id=\"ea4e89e\" data-element_type=\"widget\" data-e-type=\"widget\" data-widget_type=\"text-editor.default\">\n\t\t\t\t<div class=\"elementor-widget-container\">\n\t\t\t\t\t\t\t\t\t<p>As a leading specialist in IT consulting and programming, we offer digitization of your company as well as individual solutions. Our focus is on the development of user-friendly applications in the area of Finance\/MS Office\/MS Excel\u00a9, which are subject to comprehensive quality assurance in order to guarantee optimal results. We are characterized by an outstanding price-performance ratio that offers our customers significant added value.<\/p>\t\t\t\t\t\t\t\t<\/div>\n\t\t\t\t<\/div>\n\t\t\t\t<div class=\"elementor-element elementor-element-9b0c3c3 elementor-widget-divider--view-line elementor-widget elementor-widget-divider\" data-id=\"9b0c3c3\" data-element_type=\"widget\" data-e-type=\"widget\" data-widget_type=\"divider.default\">\n\t\t\t\t<div class=\"elementor-widget-container\">\n\t\t\t\t\t\t\t<div class=\"elementor-divider\">\n\t\t\t<span class=\"elementor-divider-separator\">\n\t\t\t\t\t\t<\/span>\n\t\t<\/div>\n\t\t\t\t\t\t<\/div>\n\t\t\t\t<\/div>\n\t\t<div class=\"elementor-element elementor-element-51b695b e-flex e-con-boxed e-con e-child\" data-id=\"51b695b\" data-element_type=\"container\" data-e-type=\"container\">\n\t\t\t\t\t<div class=\"e-con-inner\">\n\t\t<div class=\"elementor-element elementor-element-bda37a0 e-flex e-con-boxed e-con e-child\" data-id=\"bda37a0\" data-element_type=\"container\" data-e-type=\"container\">\n\t\t\t\t\t<div class=\"e-con-inner\">\n\t\t\t\t<div class=\"elementor-element elementor-element-6d20ef0 elementor-widget elementor-widget-heading\" data-id=\"6d20ef0\" data-element_type=\"widget\" data-e-type=\"widget\" data-widget_type=\"heading.default\">\n\t\t\t\t<div class=\"elementor-widget-container\">\n\t\t\t\t\t<h2 class=\"elementor-heading-title elementor-size-default\">Our Mission<\/h2>\t\t\t\t<\/div>\n\t\t\t\t<\/div>\n\t\t\t\t<div class=\"elementor-element elementor-element-91bab08 elementor-widget elementor-widget-text-editor\" data-id=\"91bab08\" data-element_type=\"widget\" data-e-type=\"widget\" data-widget_type=\"text-editor.default\">\n\t\t\t\t<div class=\"elementor-widget-container\">\n\t\t\t\t\t\t\t\t\t<p>We are working to make our user-friendly software known and accessible to as many companies as possible.\u00a0<\/p>\t\t\t\t\t\t\t\t<\/div>\n\t\t\t\t<\/div>\n\t\t\t\t\t<\/div>\n\t\t\t\t<\/div>\n\t\t<div class=\"elementor-element elementor-element-8c3d36e e-flex e-con-boxed e-con e-child\" data-id=\"8c3d36e\" data-element_type=\"container\" data-e-type=\"container\">\n\t\t\t\t\t<div class=\"e-con-inner\">\n\t\t\t\t<div class=\"elementor-element elementor-element-2061947 elementor-widget elementor-widget-heading\" data-id=\"2061947\" data-element_type=\"widget\" data-e-type=\"widget\" data-widget_type=\"heading.default\">\n\t\t\t\t<div class=\"elementor-widget-container\">\n\t\t\t\t\t<h2 class=\"elementor-heading-title elementor-size-default\">Our Values<\/h2>\t\t\t\t<\/div>\n\t\t\t\t<\/div>\n\t\t\t\t<div class=\"elementor-element elementor-element-d19c62f elementor-widget elementor-widget-text-editor\" data-id=\"d19c62f\" data-element_type=\"widget\" data-e-type=\"widget\" data-widget_type=\"text-editor.default\">\n\t\t\t\t<div class=\"elementor-widget-container\">\n\t\t\t\t\t\t\t\t\t<p>We always strive to do more for our customers, no matter how big the challenge. Our goal is to do our best work in all areas every day.<\/p>\t\t\t\t\t\t\t\t<\/div>\n\t\t\t\t<\/div>\n\t\t\t\t\t<\/div>\n\t\t\t\t<\/div>\n\t\t\t\t\t<\/div>\n\t\t\t\t<\/div>\n\t\t\t\t<\/div>\n\t\t\t\t\t<\/div>\n\t\t\t\t<\/div>\n\t\t\t\t<\/div>","protected":false},"excerpt":{"rendered":"<p>\u00dcBER UNS Als f\u00fchrender Spezialist in IT Beratung und -Programmierung bieten wir Digitalisierung Ihres Unternehmens sowie individuell L\u00f6sungen an. Unser Fokus liegt auf der Entwicklung benutzerfreundlicher Anwendungen im Bereich Finanz\/MS Office\/MS Excel\u00a9, die einer umfassenden Qualit\u00e4tssicherung unterliegen, um optimale Ergebnisse zu garantieren. Dabei zeichnen wir uns durch ein herausragendes Preis-Leistungs-Verh\u00e4ltnis aus, das unseren Kunden einen [&hellip;]<\/p>\n","protected":false},"author":1,"featured_media":0,"parent":0,"menu_order":0,"comment_status":"closed","ping_status":"closed","template":"","meta":{"_uag_custom_page_level_css":"","order-bump-settings":[],"_wpfnl_thankyou_order_overview":"on","_wpfnl_thankyou_order_details":"on","_wpfnl_thankyou_billing_details":"on","_wpfnl_thankyou_shipping_details":"on","site-sidebar-layout":"no-sidebar","site-content-layout":"page-builder","ast-site-content-layout":"default","site-content-style":"default","site-sidebar-style":"default","ast-global-header-display":"","ast-banner-title-visibility":"","ast-main-header-display":"","ast-hfb-above-header-display":"","ast-hfb-below-header-display":"","ast-hfb-mobile-header-display":"","site-post-title":"disabled","ast-breadcrumbs-content":"","ast-featured-img":"disabled","footer-sml-layout":"","ast-disable-related-posts":"","theme-transparent-header-meta":"enabled","adv-header-id-meta":"","stick-header-meta":"","header-above-stick-meta":"","header-main-stick-meta":"","header-below-stick-meta":"","astra-migrate-meta-layouts":"default","ast-page-background-enabled":"default","ast-page-background-meta":{"desktop":{"background-color":"var(--ast-global-color-4)","background-image":"","background-repeat":"repeat","background-position":"center center","background-size":"auto","background-attachment":"scroll","background-type":"","background-media":"","overlay-type":"","overlay-color":"","overlay-opacity":"","overlay-gradient":""},"tablet":{"background-color":"","background-image":"","background-repeat":"repeat","background-position":"center center","background-size":"auto","background-attachment":"scroll","background-type":"","background-media":"","overlay-type":"","overlay-color":"","overlay-opacity":"","overlay-gradient":""},"mobile":{"background-color":"","background-image":"","background-repeat":"repeat","background-position":"center center","background-size":"auto","background-attachment":"scroll","background-type":"","background-media":"","overlay-type":"","overlay-color":"","overlay-opacity":"","overlay-gradient":""}},"ast-content-background-meta":{"desktop":{"background-color":"var(--ast-global-color-5)","background-image":"","background-repeat":"repeat","background-position":"center center","background-size":"auto","background-attachment":"scroll","background-type":"","background-media":"","overlay-type":"","overlay-color":"","overlay-opacity":"","overlay-gradient":""},"tablet":{"background-color":"var(--ast-global-color-5)","background-image":"","background-repeat":"repeat","background-position":"center center","background-size":"auto","background-attachment":"scroll","background-type":"","background-media":"","overlay-type":"","overlay-color":"","overlay-opacity":"","overlay-gradient":""},"mobile":{"background-color":"var(--ast-global-color-5)","background-image":"","background-repeat":"repeat","background-position":"center center","background-size":"auto","background-attachment":"scroll","background-type":"","background-media":"","overlay-type":"","overlay-color":"","overlay-opacity":"","overlay-gradient":""}},"footnotes":""},"class_list":["post-1318","page","type-page","status-publish","hentry"],"yoast_head":"<!-- This site is optimized with the Yoast SEO plugin v23.3 - https:\/\/yoast.com\/wordpress\/plugins\/seo\/ -->\n<title>\u00dcber Uns - pivotfox solutions<\/title>\n<meta name=\"robots\" content=\"index, follow, max-snippet:-1, max-image-preview:large, max-video-preview:-1\" \/>\n<link rel=\"canonical\" href=\"https:\/\/pivotfox.solutions\/en\/about\/\" \/>\n<meta property=\"og:locale\" content=\"en_US\" \/>\n<meta property=\"og:type\" content=\"article\" \/>\n<meta property=\"og:title\" content=\"\u00dcber Uns - pivotfox solutions\" \/>\n<meta property=\"og:description\" content=\"\u00dcBER UNS Als f\u00fchrender Spezialist in IT Beratung und -Programmierung bieten wir Digitalisierung Ihres Unternehmens sowie individuell L\u00f6sungen an. Unser Fokus liegt auf der Entwicklung benutzerfreundlicher Anwendungen im Bereich Finanz\/MS Office\/MS Excel\u00a9, die einer umfassenden Qualit\u00e4tssicherung unterliegen, um optimale Ergebnisse zu garantieren. Dabei zeichnen wir uns durch ein herausragendes Preis-Leistungs-Verh\u00e4ltnis aus, das unseren Kunden einen [&hellip;]\" \/>\n<meta property=\"og:url\" content=\"https:\/\/pivotfox.solutions\/en\/about\/\" \/>\n<meta property=\"og:site_name\" content=\"pivotfox solutions\" \/>\n<meta property=\"article:modified_time\" content=\"2024-11-20T11:17:24+00:00\" \/>\n<meta name=\"twitter:card\" content=\"summary_large_image\" \/>\n<meta name=\"twitter:label1\" content=\"Est. reading time\" \/>\n\t<meta name=\"twitter:data1\" content=\"1 minute\" \/>\n<script type=\"application\/ld+json\" class=\"yoast-schema-graph\">{\"@context\":\"https:\/\/schema.org\",\"@graph\":[{\"@type\":\"WebPage\",\"@id\":\"https:\/\/pivotfox.solutions\/about\/\",\"url\":\"https:\/\/pivotfox.solutions\/about\/\",\"name\":\"\u00dcber Uns - pivotfox solutions\",\"isPartOf\":{\"@id\":\"https:\/\/pivotfox.solutions\/#website\"},\"datePublished\":\"2021-11-21T15:14:19+00:00\",\"dateModified\":\"2024-11-20T11:17:24+00:00\",\"breadcrumb\":{\"@id\":\"https:\/\/pivotfox.solutions\/about\/#breadcrumb\"},\"inLanguage\":\"en-US\",\"potentialAction\":[{\"@type\":\"ReadAction\",\"target\":[\"https:\/\/pivotfox.solutions\/about\/\"]}]},{\"@type\":\"BreadcrumbList\",\"@id\":\"https:\/\/pivotfox.solutions\/about\/#breadcrumb\",\"itemListElement\":[{\"@type\":\"ListItem\",\"position\":1,\"name\":\"Home\",\"item\":\"https:\/\/pivotfox.solutions\/\"},{\"@type\":\"ListItem\",\"position\":2,\"name\":\"\u00dcber Uns\"}]},{\"@type\":\"WebSite\",\"@id\":\"https:\/\/pivotfox.solutions\/#website\",\"url\":\"https:\/\/pivotfox.solutions\/\",\"name\":\"pivotfox solutions\",\"description\":\"\",\"publisher\":{\"@id\":\"https:\/\/pivotfox.solutions\/#organization\"},\"potentialAction\":[{\"@type\":\"SearchAction\",\"target\":{\"@type\":\"EntryPoint\",\"urlTemplate\":\"https:\/\/pivotfox.solutions\/?s={search_term_string}\"},\"query-input\":\"required name=search_term_string\"}],\"inLanguage\":\"en-US\"},{\"@type\":\"Organization\",\"@id\":\"https:\/\/pivotfox.solutions\/#organization\",\"name\":\"pivotfox solutions\",\"url\":\"https:\/\/pivotfox.solutions\/\",\"logo\":{\"@type\":\"ImageObject\",\"inLanguage\":\"en-US\",\"@id\":\"https:\/\/pivotfox.solutions\/#\/schema\/logo\/image\/\",\"url\":\"https:\/\/pivotfox.solutions\/wp-content\/uploads\/2024\/06\/cropped-cropped-pivotfox-solutions-grun-ohne-Hintergrund.png\",\"contentUrl\":\"https:\/\/pivotfox.solutions\/wp-content\/uploads\/2024\/06\/cropped-cropped-pivotfox-solutions-grun-ohne-Hintergrund.png\",\"width\":1491,\"height\":468,\"caption\":\"pivotfox solutions\"},\"image\":{\"@id\":\"https:\/\/pivotfox.solutions\/#\/schema\/logo\/image\/\"}}]}<\/script>\n<!-- \/ Yoast SEO plugin. -->","yoast_head_json":{"title":"\u00dcber Uns - pivotfox solutions","robots":{"index":"index","follow":"follow","max-snippet":"max-snippet:-1","max-image-preview":"max-image-preview:large","max-video-preview":"max-video-preview:-1"},"canonical":"https:\/\/pivotfox.solutions\/en\/about\/","og_locale":"en_US","og_type":"article","og_title":"\u00dcber Uns - pivotfox solutions","og_description":"\u00dcBER UNS Als f\u00fchrender Spezialist in IT Beratung und -Programmierung bieten wir Digitalisierung Ihres Unternehmens sowie individuell L\u00f6sungen an. Unser Fokus liegt auf der Entwicklung benutzerfreundlicher Anwendungen im Bereich Finanz\/MS Office\/MS Excel\u00a9, die einer umfassenden Qualit\u00e4tssicherung unterliegen, um optimale Ergebnisse zu garantieren. Dabei zeichnen wir uns durch ein herausragendes Preis-Leistungs-Verh\u00e4ltnis aus, das unseren Kunden einen [&hellip;]","og_url":"https:\/\/pivotfox.solutions\/en\/about\/","og_site_name":"pivotfox solutions","article_modified_time":"2024-11-20T11:17:24+00:00","twitter_card":"summary_large_image","twitter_misc":{"Est. reading time":"1 minute"},"schema":{"@context":"https:\/\/schema.org","@graph":[{"@type":"WebPage","@id":"https:\/\/pivotfox.solutions\/about\/","url":"https:\/\/pivotfox.solutions\/about\/","name":"\u00dcber Uns - pivotfox solutions","isPartOf":{"@id":"https:\/\/pivotfox.solutions\/#website"},"datePublished":"2021-11-21T15:14:19+00:00","dateModified":"2024-11-20T11:17:24+00:00","breadcrumb":{"@id":"https:\/\/pivotfox.solutions\/about\/#breadcrumb"},"inLanguage":"en-US","potentialAction":[{"@type":"ReadAction","target":["https:\/\/pivotfox.solutions\/about\/"]}]},{"@type":"BreadcrumbList","@id":"https:\/\/pivotfox.solutions\/about\/#breadcrumb","itemListElement":[{"@type":"ListItem","position":1,"name":"Home","item":"https:\/\/pivotfox.solutions\/"},{"@type":"ListItem","position":2,"name":"\u00dcber Uns"}]},{"@type":"WebSite","@id":"https:\/\/pivotfox.solutions\/#website","url":"https:\/\/pivotfox.solutions\/","name":"pivotfox solutions","description":"","publisher":{"@id":"https:\/\/pivotfox.solutions\/#organization"},"potentialAction":[{"@type":"SearchAction","target":{"@type":"EntryPoint","urlTemplate":"https:\/\/pivotfox.solutions\/?s={search_term_string}"},"query-input":"required name=search_term_string"}],"inLanguage":"en-US"},{"@type":"Organization","@id":"https:\/\/pivotfox.solutions\/#organization","name":"pivotfox solutions","url":"https:\/\/pivotfox.solutions\/","logo":{"@type":"ImageObject","inLanguage":"en-US","@id":"https:\/\/pivotfox.solutions\/#\/schema\/logo\/image\/","url":"https:\/\/pivotfox.solutions\/wp-content\/uploads\/2024\/06\/cropped-cropped-pivotfox-solutions-grun-ohne-Hintergrund.png","contentUrl":"https:\/\/pivotfox.solutions\/wp-content\/uploads\/2024\/06\/cropped-cropped-pivotfox-solutions-grun-ohne-Hintergrund.png","width":1491,"height":468,"caption":"pivotfox solutions"},"image":{"@id":"https:\/\/pivotfox.solutions\/#\/schema\/logo\/image\/"}}]}},"uagb_featured_image_src":{"full":false,"thumbnail":false,"medium":false,"medium_large":false,"large":false,"1536x1536":false,"2048x2048":false,"trp-custom-language-flag":false,"woocommerce_thumbnail":false,"woocommerce_single":false,"woocommerce_gallery_thumbnail":false},"uagb_author_info":{"display_name":"pivotfox","author_link":"https:\/\/pivotfox.solutions\/en\/author\/multisiteadmin\/"},"uagb_comment_info":0,"uagb_excerpt":"\u00dcBER UNS Als f\u00fchrender Spezialist in IT Beratung und -Programmierung bieten wir Digitalisierung Ihres Unternehmens sowie individuell L\u00f6sungen an. Unser Fokus liegt auf der Entwicklung benutzerfreundlicher Anwendungen im Bereich Finanz\/MS Office\/MS Excel\u00a9, die einer umfassenden Qualit\u00e4tssicherung unterliegen, um optimale Ergebnisse zu garantieren. Dabei zeichnen wir uns durch ein herausragendes Preis-Leistungs-Verh\u00e4ltnis aus, das unseren Kunden einen&hellip;","_links":{"self":[{"href":"https:\/\/pivotfox.solutions\/en\/wp-json\/wp\/v2\/pages\/1318","targetHints":{"allow":["GET"]}}],"collection":[{"href":"https:\/\/pivotfox.solutions\/en\/wp-json\/wp\/v2\/pages"}],"about":[{"href":"https:\/\/pivotfox.solutions\/en\/wp-json\/wp\/v2\/types\/page"}],"author":[{"embeddable":true,"href":"https:\/\/pivotfox.solutions\/en\/wp-json\/wp\/v2\/users\/1"}],"replies":[{"embeddable":true,"href":"https:\/\/pivotfox.solutions\/en\/wp-json\/wp\/v2\/comments?post=1318"}],"version-history":[{"count":58,"href":"https:\/\/pivotfox.solutions\/en\/wp-json\/wp\/v2\/pages\/1318\/revisions"}],"predecessor-version":[{"id":2578,"href":"https:\/\/pivotfox.solutions\/en\/wp-json\/wp\/v2\/pages\/1318\/revisions\/2578"}],"wp:attachment":[{"href":"https:\/\/pivotfox.solutions\/en\/wp-json\/wp\/v2\/media?parent=1318"}],"curies":[{"name":"wp","href":"https:\/\/api.w.org\/{rel}","templated":true}]}}