{"id":15,"date":"2021-11-21T15:14:41","date_gmt":"2021-11-21T15:14:41","guid":{"rendered":"https:\/\/pivotfox.solutions\/services\/"},"modified":"2024-11-20T11:19:36","modified_gmt":"2024-11-20T11:19:36","slug":"projektbeispiele","status":"publish","type":"page","link":"https:\/\/pivotfox.solutions\/en\/projektbeispiele\/","title":{"rendered":"Projects"},"content":{"rendered":"<div data-elementor-type=\"wp-page\" data-elementor-id=\"15\" class=\"elementor elementor-15\">\n\t\t\t\t<div class=\"elementor-element elementor-element-93263f3 e-con-full e-flex e-con e-parent\" data-id=\"93263f3\" data-element_type=\"container\" data-e-type=\"container\" data-settings=\"{&quot;background_background&quot;:&quot;gradient&quot;}\">\n\t\t<div class=\"elementor-element elementor-element-6c32ff7 e-flex e-con-boxed e-con e-child\" data-id=\"6c32ff7\" data-element_type=\"container\" data-e-type=\"container\">\n\t\t\t\t\t<div class=\"e-con-inner\">\n\t\t\t\t<div class=\"elementor-element elementor-element-888fcee elementor-widget elementor-widget-heading\" data-id=\"888fcee\" data-element_type=\"widget\" data-e-type=\"widget\" data-widget_type=\"heading.default\">\n\t\t\t\t<div class=\"elementor-widget-container\">\n\t\t\t\t\t<h2 class=\"elementor-heading-title elementor-size-default\">PROJECTS<\/h2>\t\t\t\t<\/div>\n\t\t\t\t<\/div>\n\t\t\t\t\t<\/div>\n\t\t\t\t<\/div>\n\t\t\t\t<\/div>\n\t\t<div class=\"elementor-element elementor-element-2e701e4 e-flex e-con-boxed e-con e-parent\" data-id=\"2e701e4\" data-element_type=\"container\" data-e-type=\"container\">\n\t\t\t\t\t<div class=\"e-con-inner\">\n\t\t\t\t<div class=\"elementor-element elementor-element-4027a3d elementor-widget elementor-widget-spacer\" data-id=\"4027a3d\" data-element_type=\"widget\" data-e-type=\"widget\" data-widget_type=\"spacer.default\">\n\t\t\t\t<div class=\"elementor-widget-container\">\n\t\t\t\t\t\t\t<div class=\"elementor-spacer\">\n\t\t\t<div class=\"elementor-spacer-inner\"><\/div>\n\t\t<\/div>\n\t\t\t\t\t\t<\/div>\n\t\t\t\t<\/div>\n\t\t\t\t\t<\/div>\n\t\t\t\t<\/div>\n\t\t<div class=\"elementor-element elementor-element-3a394d8 e-flex e-con-boxed e-con e-parent\" data-id=\"3a394d8\" data-element_type=\"container\" data-e-type=\"container\">\n\t\t\t\t\t<div class=\"e-con-inner\">\n\t\t<div class=\"elementor-element elementor-element-7be7fc3 e-con-full e-flex e-con e-child\" data-id=\"7be7fc3\" data-element_type=\"container\" data-e-type=\"container\">\n\t\t\t\t<div class=\"elementor-element elementor-element-c204048 elementor-widget__width-initial elementor-widget elementor-widget-text-editor\" data-id=\"c204048\" data-element_type=\"widget\" data-e-type=\"widget\" data-widget_type=\"text-editor.default\">\n\t\t\t\t<div class=\"elementor-widget-container\">\n\t\t\t\t\t\t\t\t\t<p><strong>Reporting Software - <\/strong><em>Financial reporting for SMEs | Client\/Industry: Logistics, Social Media Marketing, Pharma-BioTech, Medical Technology<\/em><\/p><ul><li style=\"list-style-type: none;\"><ul><li>Automated processes for prompt report delivery and minimal burden on the controlling department.<\/li><li>Meaningful reports (P&amp;L, balance sheet, cash flow, KPI, explanations) for data from various upstream systems: Accounting, human resources, customer management.<\/li><li>Reporting tool with 100% Excel integration for optimum flexibility in report design and minimum training time.<\/li><li>Extensive set of functionalities: Data import, commenting, data analysis, adjustment postings, PDF report generator, etc.<\/li><li>Simple setup of company hierarchies, group consolidation, option for subgroup consolidation.<\/li><li>Convenient management of a group chart of accounts, transfer of financial information in foreign currency with conversion and allocation to group chart of accounts.<\/li><li>Simple definition and design of report packages.<\/li><li>Automatic data upload via flat file (SuSaLi) or customized import interface.<\/li><li>Transparent tracking of data sources.<\/li><\/ul><\/li><\/ul><p>Technologies:<strong><span style=\"font-size: 16px;\"> C#, .NET Framework, DevExpress, MS Excel, VBA, MS Access, MS SQL Server<\/span><\/strong><\/p>\t\t\t\t\t\t\t\t<\/div>\n\t\t\t\t<\/div>\n\t\t\t\t<\/div>\n\t\t<div class=\"elementor-element elementor-element-18c352b e-con-full e-flex e-con e-child\" data-id=\"18c352b\" data-element_type=\"container\" data-e-type=\"container\">\n\t\t\t\t<div class=\"elementor-element elementor-element-07dab85 elementor-widget elementor-widget-image\" data-id=\"07dab85\" data-element_type=\"widget\" data-e-type=\"widget\" data-widget_type=\"image.default\">\n\t\t\t\t<div class=\"elementor-widget-container\">\n\t\t\t\t\t\t\t\t\t\t\t\t\t\t\t<img fetchpriority=\"high\" decoding=\"async\" width=\"768\" height=\"559\" src=\"https:\/\/pivotfox.solutions\/wp-content\/uploads\/2023\/12\/SSRF1-768x559.png\" class=\"attachment-medium_large size-medium_large wp-image-1823\" alt=\"\" srcset=\"https:\/\/pivotfox.solutions\/wp-content\/uploads\/2023\/12\/SSRF1-768x559.png 768w, https:\/\/pivotfox.solutions\/wp-content\/uploads\/2023\/12\/SSRF1-300x218.png 300w, https:\/\/pivotfox.solutions\/wp-content\/uploads\/2023\/12\/SSRF1-1024x745.png 1024w, https:\/\/pivotfox.solutions\/wp-content\/uploads\/2023\/12\/SSRF1-1536x1118.png 1536w, https:\/\/pivotfox.solutions\/wp-content\/uploads\/2023\/12\/SSRF1-2048x1491.png 2048w, https:\/\/pivotfox.solutions\/wp-content\/uploads\/2023\/12\/SSRF1-16x12.png 16w\" sizes=\"(max-width: 768px) 100vw, 768px\" \/>\t\t\t\t\t\t\t\t\t\t\t\t\t\t\t<\/div>\n\t\t\t\t<\/div>\n\t\t\t\t<\/div>\n\t\t\t\t\t<\/div>\n\t\t\t\t<\/div>\n\t\t<div class=\"elementor-element elementor-element-7880df4 e-con-full e-flex e-con e-parent\" data-id=\"7880df4\" data-element_type=\"container\" data-e-type=\"container\">\n\t\t\t\t<div class=\"elementor-element elementor-element-786e6a9 elementor-widget-divider--view-line elementor-widget elementor-widget-divider\" data-id=\"786e6a9\" data-element_type=\"widget\" data-e-type=\"widget\" data-widget_type=\"divider.default\">\n\t\t\t\t<div class=\"elementor-widget-container\">\n\t\t\t\t\t\t\t<div class=\"elementor-divider\">\n\t\t\t<span class=\"elementor-divider-separator\">\n\t\t\t\t\t\t<\/span>\n\t\t<\/div>\n\t\t\t\t\t\t<\/div>\n\t\t\t\t<\/div>\n\t\t\t\t<\/div>\n\t\t<div class=\"elementor-element elementor-element-c5bb077 e-flex e-con-boxed e-con e-parent\" data-id=\"c5bb077\" data-element_type=\"container\" data-e-type=\"container\">\n\t\t\t\t\t<div class=\"e-con-inner\">\n\t\t\t\t<div class=\"elementor-element elementor-element-07304db elementor-widget elementor-widget-text-editor\" data-id=\"07304db\" data-element_type=\"widget\" data-e-type=\"widget\" data-widget_type=\"text-editor.default\">\n\t\t\t\t<div class=\"elementor-widget-container\">\n\t\t\t\t\t\t\t\t\t<p><strong>Data Management System for Procurement | <\/strong><em>Customer: a broadly diversified and globally leading technology and family-owned company with a unique combination of materials expertise and technology know-how<\/em><\/p><ul><li style=\"list-style-type: none;\"><ul><li>Web-based application for recording and monitoring savings projects in procurement.<\/li><li>Data collection website with more than 60 input fields, differentiated data collection for planning phase and implementation phase.<\/li><li>Automatic conversion from local currency to Group currency; display of savings effects per calendar year for projects with a multi-year term.<\/li><li>Various evaluation options\/reports incl. PDF download: Development of savings effects over the course of the year, display of TOP10 projects, dashboard per business unit.<\/li><li>Analysis using any desired filter settings.<\/li><li>Simple master data management for selection options in the input fields.<\/li><li>Smart user management with Self-SignUp, password reset features.<\/li><\/ul><\/li><\/ul><p>Technologies: <strong>HTML, Java, Spring Framework, Hibernate, JSP, JQuery, MS SQL<\/strong><\/p>\t\t\t\t\t\t\t\t<\/div>\n\t\t\t\t<\/div>\n\t\t\t\t<div class=\"elementor-element elementor-element-85b38cc elementor-widget-divider--view-line elementor-widget elementor-widget-divider\" data-id=\"85b38cc\" data-element_type=\"widget\" data-e-type=\"widget\" data-widget_type=\"divider.default\">\n\t\t\t\t<div class=\"elementor-widget-container\">\n\t\t\t\t\t\t\t<div class=\"elementor-divider\">\n\t\t\t<span class=\"elementor-divider-separator\">\n\t\t\t\t\t\t<\/span>\n\t\t<\/div>\n\t\t\t\t\t\t<\/div>\n\t\t\t\t<\/div>\n\t\t\t\t\t<\/div>\n\t\t\t\t<\/div>\n\t\t<div class=\"elementor-element elementor-element-7c3cce1 e-flex e-con-boxed e-con e-parent\" data-id=\"7c3cce1\" data-element_type=\"container\" data-e-type=\"container\">\n\t\t\t\t\t<div class=\"e-con-inner\">\n\t\t\t\t<div class=\"elementor-element elementor-element-965d513 elementor-widget elementor-widget-text-editor\" data-id=\"965d513\" data-element_type=\"widget\" data-e-type=\"widget\" data-widget_type=\"text-editor.default\">\n\t\t\t\t<div class=\"elementor-widget-container\">\n\t\t\t\t\t\t\t\t\t<p><strong>Quotations Management<\/strong> | <em>Customer: is one of the leading technology providers for the ICT industry, currently active in 28 countries in Europe and in a total of 143 countries worldwide via PaaS partners.<\/em><\/p><ul><li style=\"list-style-type: none;\"><ul><li>Excel-based tool for the automatic creation to dispatch of various quotations.<\/li><li>Automatic generation of quotations based on multiple source files in different repositories.<\/li><li>Multi-process approach with complex validations.<\/li><li>Emailing of quotations after relevant checks either directly to customers or return to internal team for further controlling.<\/li><li>LogFile functionality for easy management of all quotations and further processing.<\/li><\/ul><\/li><\/ul><p>Technologies:<strong> VBA, MS Excel, CDO based Mailing<\/strong><\/p>\t\t\t\t\t\t\t\t<\/div>\n\t\t\t\t<\/div>\n\t\t\t\t<div class=\"elementor-element elementor-element-df090ee elementor-widget-divider--view-line elementor-widget elementor-widget-divider\" data-id=\"df090ee\" data-element_type=\"widget\" data-e-type=\"widget\" data-widget_type=\"divider.default\">\n\t\t\t\t<div class=\"elementor-widget-container\">\n\t\t\t\t\t\t\t<div class=\"elementor-divider\">\n\t\t\t<span class=\"elementor-divider-separator\">\n\t\t\t\t\t\t<\/span>\n\t\t<\/div>\n\t\t\t\t\t\t<\/div>\n\t\t\t\t<\/div>\n\t\t\t\t\t<\/div>\n\t\t\t\t<\/div>\n\t\t\t\t<\/div>","protected":false},"excerpt":{"rendered":"<p>PROJEKTBEISPIELE Reportingsoftware\u00a0\u2013 Finanzreporting f\u00fcr den Mittelstand | Kunde\/Industrie: Logistik, Social Media Marketing, Pharma-BioTech, Medizintechnik Automatisierte Prozesse f\u00fcr zeitnahe Berichtslieferung und minimale Belastung der Controlling-Abteilung Aussagekr\u00e4ftige Berichten (GuV, Bilanz, CashFlow, KPI, Erl\u00e4uterungen) \u00a0f\u00fcr Daten aus verschiedene Vorsystemen: Buchhaltung, Personalwesen, Kundenverwaltung Berichtstool mit 100% Excel Integration f\u00fcr optimale Flexibilit\u00e4t bei der Berichtsgestaltung und minimaler Einarbeitungszeit. Umfangreiches Set [&hellip;]<\/p>\n","protected":false},"author":1,"featured_media":0,"parent":0,"menu_order":0,"comment_status":"closed","ping_status":"closed","template":"","meta":{"_uag_custom_page_level_css":"","order-bump-settings":[],"_wpfnl_thankyou_order_overview":"on","_wpfnl_thankyou_order_details":"on","_wpfnl_thankyou_billing_details":"on","_wpfnl_thankyou_shipping_details":"on","site-sidebar-layout":"no-sidebar","site-content-layout":"page-builder","ast-site-content-layout":"default","site-content-style":"default","site-sidebar-style":"default","ast-global-header-display":"","ast-banner-title-visibility":"","ast-main-header-display":"","ast-hfb-above-header-display":"","ast-hfb-below-header-display":"","ast-hfb-mobile-header-display":"","site-post-title":"disabled","ast-breadcrumbs-content":"","ast-featured-img":"disabled","footer-sml-layout":"","ast-disable-related-posts":"","theme-transparent-header-meta":"enabled","adv-header-id-meta":"","stick-header-meta":"","header-above-stick-meta":"","header-main-stick-meta":"","header-below-stick-meta":"","astra-migrate-meta-layouts":"default","ast-page-background-enabled":"default","ast-page-background-meta":{"desktop":{"background-color":"var(--ast-global-color-4)","background-image":"","background-repeat":"repeat","background-position":"center center","background-size":"auto","background-attachment":"scroll","background-type":"","background-media":"","overlay-type":"","overlay-color":"","overlay-opacity":"","overlay-gradient":""},"tablet":{"background-color":"","background-image":"","background-repeat":"repeat","background-position":"center center","background-size":"auto","background-attachment":"scroll","background-type":"","background-media":"","overlay-type":"","overlay-color":"","overlay-opacity":"","overlay-gradient":""},"mobile":{"background-color":"","background-image":"","background-repeat":"repeat","background-position":"center center","background-size":"auto","background-attachment":"scroll","background-type":"","background-media":"","overlay-type":"","overlay-color":"","overlay-opacity":"","overlay-gradient":""}},"ast-content-background-meta":{"desktop":{"background-color":"var(--ast-global-color-5)","background-image":"","background-repeat":"repeat","background-position":"center center","background-size":"auto","background-attachment":"scroll","background-type":"","background-media":"","overlay-type":"","overlay-color":"","overlay-opacity":"","overlay-gradient":""},"tablet":{"background-color":"var(--ast-global-color-5)","background-image":"","background-repeat":"repeat","background-position":"center center","background-size":"auto","background-attachment":"scroll","background-type":"","background-media":"","overlay-type":"","overlay-color":"","overlay-opacity":"","overlay-gradient":""},"mobile":{"background-color":"var(--ast-global-color-5)","background-image":"","background-repeat":"repeat","background-position":"center center","background-size":"auto","background-attachment":"scroll","background-type":"","background-media":"","overlay-type":"","overlay-color":"","overlay-opacity":"","overlay-gradient":""}},"footnotes":""},"class_list":["post-15","page","type-page","status-publish","hentry"],"yoast_head":"<!-- This site is optimized with the Yoast SEO plugin v23.3 - https:\/\/yoast.com\/wordpress\/plugins\/seo\/ -->\n<title>Projektbeispiele - pivotfox solutions<\/title>\n<meta name=\"robots\" content=\"index, follow, max-snippet:-1, max-image-preview:large, max-video-preview:-1\" \/>\n<link rel=\"canonical\" href=\"https:\/\/pivotfox.solutions\/en\/projektbeispiele\/\" \/>\n<meta property=\"og:locale\" content=\"en_US\" \/>\n<meta property=\"og:type\" content=\"article\" \/>\n<meta property=\"og:title\" content=\"Projektbeispiele - pivotfox solutions\" \/>\n<meta property=\"og:description\" content=\"PROJEKTBEISPIELE Reportingsoftware\u00a0\u2013 Finanzreporting f\u00fcr den Mittelstand | Kunde\/Industrie: Logistik, Social Media Marketing, Pharma-BioTech, Medizintechnik Automatisierte Prozesse f\u00fcr zeitnahe Berichtslieferung und minimale Belastung der Controlling-Abteilung Aussagekr\u00e4ftige Berichten (GuV, Bilanz, CashFlow, KPI, Erl\u00e4uterungen) \u00a0f\u00fcr Daten aus verschiedene Vorsystemen: Buchhaltung, Personalwesen, Kundenverwaltung Berichtstool mit 100% Excel Integration f\u00fcr optimale Flexibilit\u00e4t bei der Berichtsgestaltung und minimaler Einarbeitungszeit. Umfangreiches Set [&hellip;]\" \/>\n<meta property=\"og:url\" content=\"https:\/\/pivotfox.solutions\/en\/projektbeispiele\/\" \/>\n<meta property=\"og:site_name\" content=\"pivotfox solutions\" \/>\n<meta property=\"article:modified_time\" content=\"2024-11-20T11:19:36+00:00\" \/>\n<meta property=\"og:image\" content=\"http:\/\/pivotfox.solutions\/wp-content\/uploads\/2023\/12\/SSRF1-768x559.png\" \/>\n<meta name=\"twitter:card\" content=\"summary_large_image\" \/>\n<meta name=\"twitter:label1\" content=\"Est. reading time\" \/>\n\t<meta name=\"twitter:data1\" content=\"2 minutes\" \/>\n<script type=\"application\/ld+json\" class=\"yoast-schema-graph\">{\"@context\":\"https:\/\/schema.org\",\"@graph\":[{\"@type\":\"WebPage\",\"@id\":\"https:\/\/pivotfox.solutions\/projektbeispiele\/\",\"url\":\"https:\/\/pivotfox.solutions\/projektbeispiele\/\",\"name\":\"Projektbeispiele - pivotfox solutions\",\"isPartOf\":{\"@id\":\"https:\/\/pivotfox.solutions\/#website\"},\"primaryImageOfPage\":{\"@id\":\"https:\/\/pivotfox.solutions\/projektbeispiele\/#primaryimage\"},\"image\":{\"@id\":\"https:\/\/pivotfox.solutions\/projektbeispiele\/#primaryimage\"},\"thumbnailUrl\":\"http:\/\/pivotfox.solutions\/wp-content\/uploads\/2023\/12\/SSRF1-768x559.png\",\"datePublished\":\"2021-11-21T15:14:41+00:00\",\"dateModified\":\"2024-11-20T11:19:36+00:00\",\"breadcrumb\":{\"@id\":\"https:\/\/pivotfox.solutions\/projektbeispiele\/#breadcrumb\"},\"inLanguage\":\"en-US\",\"potentialAction\":[{\"@type\":\"ReadAction\",\"target\":[\"https:\/\/pivotfox.solutions\/projektbeispiele\/\"]}]},{\"@type\":\"ImageObject\",\"inLanguage\":\"en-US\",\"@id\":\"https:\/\/pivotfox.solutions\/projektbeispiele\/#primaryimage\",\"url\":\"http:\/\/pivotfox.solutions\/wp-content\/uploads\/2023\/12\/SSRF1-768x559.png\",\"contentUrl\":\"http:\/\/pivotfox.solutions\/wp-content\/uploads\/2023\/12\/SSRF1-768x559.png\"},{\"@type\":\"BreadcrumbList\",\"@id\":\"https:\/\/pivotfox.solutions\/projektbeispiele\/#breadcrumb\",\"itemListElement\":[{\"@type\":\"ListItem\",\"position\":1,\"name\":\"Home\",\"item\":\"https:\/\/pivotfox.solutions\/\"},{\"@type\":\"ListItem\",\"position\":2,\"name\":\"Projektbeispiele\"}]},{\"@type\":\"WebSite\",\"@id\":\"https:\/\/pivotfox.solutions\/#website\",\"url\":\"https:\/\/pivotfox.solutions\/\",\"name\":\"pivotfox solutions\",\"description\":\"\",\"publisher\":{\"@id\":\"https:\/\/pivotfox.solutions\/#organization\"},\"potentialAction\":[{\"@type\":\"SearchAction\",\"target\":{\"@type\":\"EntryPoint\",\"urlTemplate\":\"https:\/\/pivotfox.solutions\/?s={search_term_string}\"},\"query-input\":\"required name=search_term_string\"}],\"inLanguage\":\"en-US\"},{\"@type\":\"Organization\",\"@id\":\"https:\/\/pivotfox.solutions\/#organization\",\"name\":\"pivotfox solutions\",\"url\":\"https:\/\/pivotfox.solutions\/\",\"logo\":{\"@type\":\"ImageObject\",\"inLanguage\":\"en-US\",\"@id\":\"https:\/\/pivotfox.solutions\/#\/schema\/logo\/image\/\",\"url\":\"https:\/\/pivotfox.solutions\/wp-content\/uploads\/2024\/06\/cropped-cropped-pivotfox-solutions-grun-ohne-Hintergrund.png\",\"contentUrl\":\"https:\/\/pivotfox.solutions\/wp-content\/uploads\/2024\/06\/cropped-cropped-pivotfox-solutions-grun-ohne-Hintergrund.png\",\"width\":1491,\"height\":468,\"caption\":\"pivotfox solutions\"},\"image\":{\"@id\":\"https:\/\/pivotfox.solutions\/#\/schema\/logo\/image\/\"}}]}<\/script>\n<!-- \/ Yoast SEO plugin. -->","yoast_head_json":{"title":"Projektbeispiele - pivotfox solutions","robots":{"index":"index","follow":"follow","max-snippet":"max-snippet:-1","max-image-preview":"max-image-preview:large","max-video-preview":"max-video-preview:-1"},"canonical":"https:\/\/pivotfox.solutions\/en\/projektbeispiele\/","og_locale":"en_US","og_type":"article","og_title":"Projektbeispiele - pivotfox solutions","og_description":"PROJEKTBEISPIELE Reportingsoftware\u00a0\u2013 Finanzreporting f\u00fcr den Mittelstand | Kunde\/Industrie: Logistik, Social Media Marketing, Pharma-BioTech, Medizintechnik Automatisierte Prozesse f\u00fcr zeitnahe Berichtslieferung und minimale Belastung der Controlling-Abteilung Aussagekr\u00e4ftige Berichten (GuV, Bilanz, CashFlow, KPI, Erl\u00e4uterungen) \u00a0f\u00fcr Daten aus verschiedene Vorsystemen: Buchhaltung, Personalwesen, Kundenverwaltung Berichtstool mit 100% Excel Integration f\u00fcr optimale Flexibilit\u00e4t bei der Berichtsgestaltung und minimaler Einarbeitungszeit. Umfangreiches Set [&hellip;]","og_url":"https:\/\/pivotfox.solutions\/en\/projektbeispiele\/","og_site_name":"pivotfox solutions","article_modified_time":"2024-11-20T11:19:36+00:00","og_image":[{"url":"http:\/\/pivotfox.solutions\/wp-content\/uploads\/2023\/12\/SSRF1-768x559.png"}],"twitter_card":"summary_large_image","twitter_misc":{"Est. reading time":"2 minutes"},"schema":{"@context":"https:\/\/schema.org","@graph":[{"@type":"WebPage","@id":"https:\/\/pivotfox.solutions\/projektbeispiele\/","url":"https:\/\/pivotfox.solutions\/projektbeispiele\/","name":"Projektbeispiele - pivotfox solutions","isPartOf":{"@id":"https:\/\/pivotfox.solutions\/#website"},"primaryImageOfPage":{"@id":"https:\/\/pivotfox.solutions\/projektbeispiele\/#primaryimage"},"image":{"@id":"https:\/\/pivotfox.solutions\/projektbeispiele\/#primaryimage"},"thumbnailUrl":"http:\/\/pivotfox.solutions\/wp-content\/uploads\/2023\/12\/SSRF1-768x559.png","datePublished":"2021-11-21T15:14:41+00:00","dateModified":"2024-11-20T11:19:36+00:00","breadcrumb":{"@id":"https:\/\/pivotfox.solutions\/projektbeispiele\/#breadcrumb"},"inLanguage":"en-US","potentialAction":[{"@type":"ReadAction","target":["https:\/\/pivotfox.solutions\/projektbeispiele\/"]}]},{"@type":"ImageObject","inLanguage":"en-US","@id":"https:\/\/pivotfox.solutions\/projektbeispiele\/#primaryimage","url":"http:\/\/pivotfox.solutions\/wp-content\/uploads\/2023\/12\/SSRF1-768x559.png","contentUrl":"http:\/\/pivotfox.solutions\/wp-content\/uploads\/2023\/12\/SSRF1-768x559.png"},{"@type":"BreadcrumbList","@id":"https:\/\/pivotfox.solutions\/projektbeispiele\/#breadcrumb","itemListElement":[{"@type":"ListItem","position":1,"name":"Home","item":"https:\/\/pivotfox.solutions\/"},{"@type":"ListItem","position":2,"name":"Projektbeispiele"}]},{"@type":"WebSite","@id":"https:\/\/pivotfox.solutions\/#website","url":"https:\/\/pivotfox.solutions\/","name":"pivotfox solutions","description":"","publisher":{"@id":"https:\/\/pivotfox.solutions\/#organization"},"potentialAction":[{"@type":"SearchAction","target":{"@type":"EntryPoint","urlTemplate":"https:\/\/pivotfox.solutions\/?s={search_term_string}"},"query-input":"required name=search_term_string"}],"inLanguage":"en-US"},{"@type":"Organization","@id":"https:\/\/pivotfox.solutions\/#organization","name":"pivotfox solutions","url":"https:\/\/pivotfox.solutions\/","logo":{"@type":"ImageObject","inLanguage":"en-US","@id":"https:\/\/pivotfox.solutions\/#\/schema\/logo\/image\/","url":"https:\/\/pivotfox.solutions\/wp-content\/uploads\/2024\/06\/cropped-cropped-pivotfox-solutions-grun-ohne-Hintergrund.png","contentUrl":"https:\/\/pivotfox.solutions\/wp-content\/uploads\/2024\/06\/cropped-cropped-pivotfox-solutions-grun-ohne-Hintergrund.png","width":1491,"height":468,"caption":"pivotfox solutions"},"image":{"@id":"https:\/\/pivotfox.solutions\/#\/schema\/logo\/image\/"}}]}},"uagb_featured_image_src":{"full":false,"thumbnail":false,"medium":false,"medium_large":false,"large":false,"1536x1536":false,"2048x2048":false,"trp-custom-language-flag":false,"woocommerce_thumbnail":false,"woocommerce_single":false,"woocommerce_gallery_thumbnail":false},"uagb_author_info":{"display_name":"pivotfox","author_link":"https:\/\/pivotfox.solutions\/en\/author\/multisiteadmin\/"},"uagb_comment_info":0,"uagb_excerpt":"PROJEKTBEISPIELE Reportingsoftware\u00a0\u2013 Finanzreporting f\u00fcr den Mittelstand | Kunde\/Industrie: Logistik, Social Media Marketing, Pharma-BioTech, Medizintechnik Automatisierte Prozesse f\u00fcr zeitnahe Berichtslieferung und minimale Belastung der Controlling-Abteilung Aussagekr\u00e4ftige Berichten (GuV, Bilanz, CashFlow, KPI, Erl\u00e4uterungen) \u00a0f\u00fcr Daten aus verschiedene Vorsystemen: Buchhaltung, Personalwesen, Kundenverwaltung Berichtstool mit 100% Excel Integration f\u00fcr optimale Flexibilit\u00e4t bei der Berichtsgestaltung und minimaler Einarbeitungszeit. Umfangreiches Set&hellip;","_links":{"self":[{"href":"https:\/\/pivotfox.solutions\/en\/wp-json\/wp\/v2\/pages\/15","targetHints":{"allow":["GET"]}}],"collection":[{"href":"https:\/\/pivotfox.solutions\/en\/wp-json\/wp\/v2\/pages"}],"about":[{"href":"https:\/\/pivotfox.solutions\/en\/wp-json\/wp\/v2\/types\/page"}],"author":[{"embeddable":true,"href":"https:\/\/pivotfox.solutions\/en\/wp-json\/wp\/v2\/users\/1"}],"replies":[{"embeddable":true,"href":"https:\/\/pivotfox.solutions\/en\/wp-json\/wp\/v2\/comments?post=15"}],"version-history":[{"count":82,"href":"https:\/\/pivotfox.solutions\/en\/wp-json\/wp\/v2\/pages\/15\/revisions"}],"predecessor-version":[{"id":2597,"href":"https:\/\/pivotfox.solutions\/en\/wp-json\/wp\/v2\/pages\/15\/revisions\/2597"}],"wp:attachment":[{"href":"https:\/\/pivotfox.solutions\/en\/wp-json\/wp\/v2\/media?parent=15"}],"curies":[{"name":"wp","href":"https:\/\/api.w.org\/{rel}","templated":true}]}}