{"id":1925,"date":"2024-03-20T08:22:24","date_gmt":"2024-03-20T08:22:24","guid":{"rendered":"https:\/\/pivotfox.solutions\/?page_id=1925"},"modified":"2024-11-20T11:19:23","modified_gmt":"2024-11-20T11:19:23","slug":"programmierung","status":"publish","type":"page","link":"https:\/\/pivotfox.solutions\/en\/programmierung\/","title":{"rendered":"Programming"},"content":{"rendered":"<div data-elementor-type=\"wp-page\" data-elementor-id=\"1925\" class=\"elementor elementor-1925\">\n\t\t\t\t<div class=\"elementor-element elementor-element-5efb0a4 e-con-full e-flex e-con e-parent\" data-id=\"5efb0a4\" data-element_type=\"container\" data-e-type=\"container\" data-settings=\"{&quot;background_background&quot;:&quot;gradient&quot;}\">\n\t\t<div class=\"elementor-element elementor-element-94d3455 e-flex e-con-boxed e-con e-child\" data-id=\"94d3455\" data-element_type=\"container\" data-e-type=\"container\">\n\t\t\t\t\t<div class=\"e-con-inner\">\n\t\t\t\t<div class=\"elementor-element elementor-element-248806a elementor-widget elementor-widget-heading\" data-id=\"248806a\" data-element_type=\"widget\" data-e-type=\"widget\" data-widget_type=\"heading.default\">\n\t\t\t\t<div class=\"elementor-widget-container\">\n\t\t\t\t\t<h2 class=\"elementor-heading-title elementor-size-default\">PROGRAMMING<\/h2>\t\t\t\t<\/div>\n\t\t\t\t<\/div>\n\t\t\t\t\t<\/div>\n\t\t\t\t<\/div>\n\t\t\t\t<\/div>\n\t\t<div class=\"elementor-element elementor-element-a29d518 e-flex e-con-boxed e-con e-parent\" data-id=\"a29d518\" data-element_type=\"container\" data-e-type=\"container\">\n\t\t\t\t\t<div class=\"e-con-inner\">\n\t\t\t\t<div class=\"elementor-element elementor-element-bf8c4e1 elementor-widget elementor-widget-spacer\" data-id=\"bf8c4e1\" data-element_type=\"widget\" data-e-type=\"widget\" data-widget_type=\"spacer.default\">\n\t\t\t\t<div class=\"elementor-widget-container\">\n\t\t\t\t\t\t\t<div class=\"elementor-spacer\">\n\t\t\t<div class=\"elementor-spacer-inner\"><\/div>\n\t\t<\/div>\n\t\t\t\t\t\t<\/div>\n\t\t\t\t<\/div>\n\t\t\t\t<div class=\"elementor-element elementor-element-3bf6b5b elementor-widget elementor-widget-heading\" data-id=\"3bf6b5b\" data-element_type=\"widget\" data-e-type=\"widget\" data-widget_type=\"heading.default\">\n\t\t\t\t<div class=\"elementor-widget-container\">\n\t\t\t\t\t<h1 class=\"elementor-heading-title elementor-size-xl\">Our Offerings<\/h1>\t\t\t\t<\/div>\n\t\t\t\t<\/div>\n\t\t\t\t<div class=\"elementor-element elementor-element-9c4a95c elementor-widget-divider--view-line elementor-widget elementor-widget-divider\" data-id=\"9c4a95c\" data-element_type=\"widget\" data-e-type=\"widget\" data-widget_type=\"divider.default\">\n\t\t\t\t<div class=\"elementor-widget-container\">\n\t\t\t\t\t\t\t<div class=\"elementor-divider\">\n\t\t\t<span class=\"elementor-divider-separator\">\n\t\t\t\t\t\t<\/span>\n\t\t<\/div>\n\t\t\t\t\t\t<\/div>\n\t\t\t\t<\/div>\n\t\t\t\t\t<\/div>\n\t\t\t\t<\/div>\n\t\t<div class=\"elementor-element elementor-element-2299f5f e-flex e-con-boxed e-con e-parent\" data-id=\"2299f5f\" data-element_type=\"container\" data-e-type=\"container\">\n\t\t\t\t\t<div class=\"e-con-inner\">\n\t\t<div class=\"elementor-element elementor-element-c001108 e-con-full e-flex e-con e-child\" data-id=\"c001108\" data-element_type=\"container\" data-e-type=\"container\">\n\t\t\t\t<div class=\"elementor-element elementor-element-de3937d elementor-widget elementor-widget-heading\" data-id=\"de3937d\" data-element_type=\"widget\" data-e-type=\"widget\" data-widget_type=\"heading.default\">\n\t\t\t\t<div class=\"elementor-widget-container\">\n\t\t\t\t\t<h2 class=\"elementor-heading-title elementor-size-default\">Microsoft Office Automation<\/h2>\t\t\t\t<\/div>\n\t\t\t\t<\/div>\n\t\t\t\t<div class=\"elementor-element elementor-element-f2a3b88 elementor-widget elementor-widget-text-editor\" data-id=\"f2a3b88\" data-element_type=\"widget\" data-e-type=\"widget\" data-widget_type=\"text-editor.default\">\n\t\t\t\t<div class=\"elementor-widget-container\">\n\t\t\t\t\t\t\t\t\t<p>We offer customized automation solutions for Microsoft Office, especially for Excel\u00a9. Transform the way your company works. By developing specific add-ins and macros, recurring tasks are automated, data analysis is simplified and productivity is increased. These customizations enable deeper data insight and more efficient processes, directly in the familiar Excel environment.<\/p>\t\t\t\t\t\t\t\t<\/div>\n\t\t\t\t<\/div>\n\t\t\t\t<\/div>\n\t\t<div class=\"elementor-element elementor-element-e0f66a0 e-con-full e-flex e-con e-child\" data-id=\"e0f66a0\" data-element_type=\"container\" data-e-type=\"container\">\n\t\t\t\t<div class=\"elementor-element elementor-element-6f5282a elementor-widget elementor-widget-heading\" data-id=\"6f5282a\" data-element_type=\"widget\" data-e-type=\"widget\" data-widget_type=\"heading.default\">\n\t\t\t\t<div class=\"elementor-widget-container\">\n\t\t\t\t\t<h2 class=\"elementor-heading-title elementor-size-default\">Optimierung bestehender Tools &amp; Neuentwicklung<\/h2>\t\t\t\t<\/div>\n\t\t\t\t<\/div>\n\t\t\t\t<div class=\"elementor-element elementor-element-8d34e57 elementor-widget elementor-widget-text-editor\" data-id=\"8d34e57\" data-element_type=\"widget\" data-e-type=\"widget\" data-widget_type=\"text-editor.default\">\n\t\t\t\t<div class=\"elementor-widget-container\">\n\t\t\t\t\t\t\t\t\t<p>By optimizing your current tools and developing customized new solutions, we increase the effectiveness of your instruments. Our automation strategies boost their performance and ensure excellent data quality to make your workflows seamless and productive.<\/p>\t\t\t\t\t\t\t\t<\/div>\n\t\t\t\t<\/div>\n\t\t\t\t<\/div>\n\t\t<div class=\"elementor-element elementor-element-645c330 e-con-full e-flex e-con e-child\" data-id=\"645c330\" data-element_type=\"container\" data-e-type=\"container\">\n\t\t\t\t<div class=\"elementor-element elementor-element-14e341a elementor-widget elementor-widget-heading\" data-id=\"14e341a\" data-element_type=\"widget\" data-e-type=\"widget\" data-widget_type=\"heading.default\">\n\t\t\t\t<div class=\"elementor-widget-container\">\n\t\t\t\t\t<h2 class=\"elementor-heading-title elementor-size-default\">Effiziente Reporting &amp; Planung Tools in MS Excel\u00a9<\/h2>\t\t\t\t<\/div>\n\t\t\t\t<\/div>\n\t\t\t\t<div class=\"elementor-element elementor-element-bcb76ae elementor-widget elementor-widget-text-editor\" data-id=\"bcb76ae\" data-element_type=\"widget\" data-e-type=\"widget\" data-widget_type=\"text-editor.default\">\n\t\t\t\t<div class=\"elementor-widget-container\">\n\t\t\t\t\t\t\t\t\t<p>Our Excel-based MIS\/financial reporting application enables accurate and flexible financial analysis and reporting. With customized report pages and automated uploads, it facilitates data preparation, improves decision making and increases efficiency in finance departments. It combines the versatility of Excel with advanced analytical features.<\/p>\t\t\t\t\t\t\t\t<\/div>\n\t\t\t\t<\/div>\n\t\t\t\t<\/div>\n\t\t\t\t\t<\/div>\n\t\t\t\t<\/div>\n\t\t\t\t<\/div>","protected":false},"excerpt":{"rendered":"<p>PROGRAMMIERUNG Unsere Angebote Microsoft Office Automation Wir bieten ma\u00dfgeschneiderte Automatisierungsl\u00f6sungen f\u00fcr Microsoft Office, insbesondere f\u00fcr Excel\u00a9 an. Transformieren Sie die Arbeitsweise im Unternehmen. Durch die Entwicklung spezifischer Add-Ins und Makros werden wiederkehrende Aufgaben automatisiert, Datenanalysen vereinfacht und die Produktivit\u00e4t gesteigert. Diese Anpassungen erm\u00f6glichen eine tiefere Dateneinsicht und effizientere Prozessabl\u00e4ufe, direkt in der vertrauten Excel-Umgebung. Optimierung [&hellip;]<\/p>\n","protected":false},"author":1,"featured_media":0,"parent":0,"menu_order":0,"comment_status":"closed","ping_status":"closed","template":"","meta":{"_uag_custom_page_level_css":"","order-bump-settings":[],"_wpfnl_thankyou_order_overview":"on","_wpfnl_thankyou_order_details":"on","_wpfnl_thankyou_billing_details":"on","_wpfnl_thankyou_shipping_details":"on","site-sidebar-layout":"no-sidebar","site-content-layout":"page-builder","ast-site-content-layout":"full-width-container","site-content-style":"default","site-sidebar-style":"default","ast-global-header-display":"","ast-banner-title-visibility":"","ast-main-header-display":"","ast-hfb-above-header-display":"","ast-hfb-below-header-display":"","ast-hfb-mobile-header-display":"","site-post-title":"disabled","ast-breadcrumbs-content":"","ast-featured-img":"disabled","footer-sml-layout":"","ast-disable-related-posts":"","theme-transparent-header-meta":"","adv-header-id-meta":"","stick-header-meta":"","header-above-stick-meta":"","header-main-stick-meta":"","header-below-stick-meta":"","astra-migrate-meta-layouts":"set","ast-page-background-enabled":"default","ast-page-background-meta":{"desktop":{"background-color":"var(--ast-global-color-4)","background-image":"","background-repeat":"repeat","background-position":"center center","background-size":"auto","background-attachment":"scroll","background-type":"","background-media":"","overlay-type":"","overlay-color":"","overlay-opacity":"","overlay-gradient":""},"tablet":{"background-color":"","background-image":"","background-repeat":"repeat","background-position":"center center","background-size":"auto","background-attachment":"scroll","background-type":"","background-media":"","overlay-type":"","overlay-color":"","overlay-opacity":"","overlay-gradient":""},"mobile":{"background-color":"","background-image":"","background-repeat":"repeat","background-position":"center center","background-size":"auto","background-attachment":"scroll","background-type":"","background-media":"","overlay-type":"","overlay-color":"","overlay-opacity":"","overlay-gradient":""}},"ast-content-background-meta":{"desktop":{"background-color":"var(--ast-global-color-5)","background-image":"","background-repeat":"repeat","background-position":"center center","background-size":"auto","background-attachment":"scroll","background-type":"","background-media":"","overlay-type":"","overlay-color":"","overlay-opacity":"","overlay-gradient":""},"tablet":{"background-color":"var(--ast-global-color-5)","background-image":"","background-repeat":"repeat","background-position":"center center","background-size":"auto","background-attachment":"scroll","background-type":"","background-media":"","overlay-type":"","overlay-color":"","overlay-opacity":"","overlay-gradient":""},"mobile":{"background-color":"var(--ast-global-color-5)","background-image":"","background-repeat":"repeat","background-position":"center center","background-size":"auto","background-attachment":"scroll","background-type":"","background-media":"","overlay-type":"","overlay-color":"","overlay-opacity":"","overlay-gradient":""}},"footnotes":""},"class_list":["post-1925","page","type-page","status-publish","hentry"],"yoast_head":"<!-- This site is optimized with the Yoast SEO plugin v23.3 - https:\/\/yoast.com\/wordpress\/plugins\/seo\/ -->\n<title>Programmierung - pivotfox solutions<\/title>\n<meta name=\"robots\" content=\"index, follow, max-snippet:-1, max-image-preview:large, max-video-preview:-1\" \/>\n<link rel=\"canonical\" href=\"https:\/\/pivotfox.solutions\/en\/programmierung\/\" \/>\n<meta property=\"og:locale\" content=\"en_US\" \/>\n<meta property=\"og:type\" content=\"article\" \/>\n<meta property=\"og:title\" content=\"Programmierung - pivotfox solutions\" \/>\n<meta property=\"og:description\" content=\"PROGRAMMIERUNG Unsere Angebote Microsoft Office Automation Wir bieten ma\u00dfgeschneiderte Automatisierungsl\u00f6sungen f\u00fcr Microsoft Office, insbesondere f\u00fcr Excel\u00a9 an. Transformieren Sie die Arbeitsweise im Unternehmen. Durch die Entwicklung spezifischer Add-Ins und Makros werden wiederkehrende Aufgaben automatisiert, Datenanalysen vereinfacht und die Produktivit\u00e4t gesteigert. Diese Anpassungen erm\u00f6glichen eine tiefere Dateneinsicht und effizientere Prozessabl\u00e4ufe, direkt in der vertrauten Excel-Umgebung. Optimierung [&hellip;]\" \/>\n<meta property=\"og:url\" content=\"https:\/\/pivotfox.solutions\/en\/programmierung\/\" \/>\n<meta property=\"og:site_name\" content=\"pivotfox solutions\" \/>\n<meta property=\"article:modified_time\" content=\"2024-11-20T11:19:23+00:00\" \/>\n<meta name=\"twitter:card\" content=\"summary_large_image\" \/>\n<meta name=\"twitter:label1\" content=\"Est. reading time\" \/>\n\t<meta name=\"twitter:data1\" content=\"1 minute\" \/>\n<script type=\"application\/ld+json\" class=\"yoast-schema-graph\">{\"@context\":\"https:\/\/schema.org\",\"@graph\":[{\"@type\":\"WebPage\",\"@id\":\"https:\/\/pivotfox.solutions\/programmierung\/\",\"url\":\"https:\/\/pivotfox.solutions\/programmierung\/\",\"name\":\"Programmierung - pivotfox solutions\",\"isPartOf\":{\"@id\":\"https:\/\/pivotfox.solutions\/#website\"},\"datePublished\":\"2024-03-20T08:22:24+00:00\",\"dateModified\":\"2024-11-20T11:19:23+00:00\",\"breadcrumb\":{\"@id\":\"https:\/\/pivotfox.solutions\/programmierung\/#breadcrumb\"},\"inLanguage\":\"en-US\",\"potentialAction\":[{\"@type\":\"ReadAction\",\"target\":[\"https:\/\/pivotfox.solutions\/programmierung\/\"]}]},{\"@type\":\"BreadcrumbList\",\"@id\":\"https:\/\/pivotfox.solutions\/programmierung\/#breadcrumb\",\"itemListElement\":[{\"@type\":\"ListItem\",\"position\":1,\"name\":\"Home\",\"item\":\"https:\/\/pivotfox.solutions\/\"},{\"@type\":\"ListItem\",\"position\":2,\"name\":\"Programmierung\"}]},{\"@type\":\"WebSite\",\"@id\":\"https:\/\/pivotfox.solutions\/#website\",\"url\":\"https:\/\/pivotfox.solutions\/\",\"name\":\"pivotfox solutions\",\"description\":\"\",\"publisher\":{\"@id\":\"https:\/\/pivotfox.solutions\/#organization\"},\"potentialAction\":[{\"@type\":\"SearchAction\",\"target\":{\"@type\":\"EntryPoint\",\"urlTemplate\":\"https:\/\/pivotfox.solutions\/?s={search_term_string}\"},\"query-input\":\"required name=search_term_string\"}],\"inLanguage\":\"en-US\"},{\"@type\":\"Organization\",\"@id\":\"https:\/\/pivotfox.solutions\/#organization\",\"name\":\"pivotfox solutions\",\"url\":\"https:\/\/pivotfox.solutions\/\",\"logo\":{\"@type\":\"ImageObject\",\"inLanguage\":\"en-US\",\"@id\":\"https:\/\/pivotfox.solutions\/#\/schema\/logo\/image\/\",\"url\":\"https:\/\/pivotfox.solutions\/wp-content\/uploads\/2024\/06\/cropped-cropped-pivotfox-solutions-grun-ohne-Hintergrund.png\",\"contentUrl\":\"https:\/\/pivotfox.solutions\/wp-content\/uploads\/2024\/06\/cropped-cropped-pivotfox-solutions-grun-ohne-Hintergrund.png\",\"width\":1491,\"height\":468,\"caption\":\"pivotfox solutions\"},\"image\":{\"@id\":\"https:\/\/pivotfox.solutions\/#\/schema\/logo\/image\/\"}}]}<\/script>\n<!-- \/ Yoast SEO plugin. -->","yoast_head_json":{"title":"Programmierung - pivotfox solutions","robots":{"index":"index","follow":"follow","max-snippet":"max-snippet:-1","max-image-preview":"max-image-preview:large","max-video-preview":"max-video-preview:-1"},"canonical":"https:\/\/pivotfox.solutions\/en\/programmierung\/","og_locale":"en_US","og_type":"article","og_title":"Programmierung - pivotfox solutions","og_description":"PROGRAMMIERUNG Unsere Angebote Microsoft Office Automation Wir bieten ma\u00dfgeschneiderte Automatisierungsl\u00f6sungen f\u00fcr Microsoft Office, insbesondere f\u00fcr Excel\u00a9 an. Transformieren Sie die Arbeitsweise im Unternehmen. Durch die Entwicklung spezifischer Add-Ins und Makros werden wiederkehrende Aufgaben automatisiert, Datenanalysen vereinfacht und die Produktivit\u00e4t gesteigert. Diese Anpassungen erm\u00f6glichen eine tiefere Dateneinsicht und effizientere Prozessabl\u00e4ufe, direkt in der vertrauten Excel-Umgebung. Optimierung [&hellip;]","og_url":"https:\/\/pivotfox.solutions\/en\/programmierung\/","og_site_name":"pivotfox solutions","article_modified_time":"2024-11-20T11:19:23+00:00","twitter_card":"summary_large_image","twitter_misc":{"Est. reading time":"1 minute"},"schema":{"@context":"https:\/\/schema.org","@graph":[{"@type":"WebPage","@id":"https:\/\/pivotfox.solutions\/programmierung\/","url":"https:\/\/pivotfox.solutions\/programmierung\/","name":"Programmierung - pivotfox solutions","isPartOf":{"@id":"https:\/\/pivotfox.solutions\/#website"},"datePublished":"2024-03-20T08:22:24+00:00","dateModified":"2024-11-20T11:19:23+00:00","breadcrumb":{"@id":"https:\/\/pivotfox.solutions\/programmierung\/#breadcrumb"},"inLanguage":"en-US","potentialAction":[{"@type":"ReadAction","target":["https:\/\/pivotfox.solutions\/programmierung\/"]}]},{"@type":"BreadcrumbList","@id":"https:\/\/pivotfox.solutions\/programmierung\/#breadcrumb","itemListElement":[{"@type":"ListItem","position":1,"name":"Home","item":"https:\/\/pivotfox.solutions\/"},{"@type":"ListItem","position":2,"name":"Programmierung"}]},{"@type":"WebSite","@id":"https:\/\/pivotfox.solutions\/#website","url":"https:\/\/pivotfox.solutions\/","name":"pivotfox solutions","description":"","publisher":{"@id":"https:\/\/pivotfox.solutions\/#organization"},"potentialAction":[{"@type":"SearchAction","target":{"@type":"EntryPoint","urlTemplate":"https:\/\/pivotfox.solutions\/?s={search_term_string}"},"query-input":"required name=search_term_string"}],"inLanguage":"en-US"},{"@type":"Organization","@id":"https:\/\/pivotfox.solutions\/#organization","name":"pivotfox solutions","url":"https:\/\/pivotfox.solutions\/","logo":{"@type":"ImageObject","inLanguage":"en-US","@id":"https:\/\/pivotfox.solutions\/#\/schema\/logo\/image\/","url":"https:\/\/pivotfox.solutions\/wp-content\/uploads\/2024\/06\/cropped-cropped-pivotfox-solutions-grun-ohne-Hintergrund.png","contentUrl":"https:\/\/pivotfox.solutions\/wp-content\/uploads\/2024\/06\/cropped-cropped-pivotfox-solutions-grun-ohne-Hintergrund.png","width":1491,"height":468,"caption":"pivotfox solutions"},"image":{"@id":"https:\/\/pivotfox.solutions\/#\/schema\/logo\/image\/"}}]}},"uagb_featured_image_src":{"full":false,"thumbnail":false,"medium":false,"medium_large":false,"large":false,"1536x1536":false,"2048x2048":false,"trp-custom-language-flag":false,"woocommerce_thumbnail":false,"woocommerce_single":false,"woocommerce_gallery_thumbnail":false},"uagb_author_info":{"display_name":"pivotfox","author_link":"https:\/\/pivotfox.solutions\/en\/author\/multisiteadmin\/"},"uagb_comment_info":0,"uagb_excerpt":"PROGRAMMIERUNG Unsere Angebote Microsoft Office Automation Wir bieten ma\u00dfgeschneiderte Automatisierungsl\u00f6sungen f\u00fcr Microsoft Office, insbesondere f\u00fcr Excel\u00a9 an. Transformieren Sie die Arbeitsweise im Unternehmen. Durch die Entwicklung spezifischer Add-Ins und Makros werden wiederkehrende Aufgaben automatisiert, Datenanalysen vereinfacht und die Produktivit\u00e4t gesteigert. Diese Anpassungen erm\u00f6glichen eine tiefere Dateneinsicht und effizientere Prozessabl\u00e4ufe, direkt in der vertrauten Excel-Umgebung. Optimierung&hellip;","_links":{"self":[{"href":"https:\/\/pivotfox.solutions\/en\/wp-json\/wp\/v2\/pages\/1925","targetHints":{"allow":["GET"]}}],"collection":[{"href":"https:\/\/pivotfox.solutions\/en\/wp-json\/wp\/v2\/pages"}],"about":[{"href":"https:\/\/pivotfox.solutions\/en\/wp-json\/wp\/v2\/types\/page"}],"author":[{"embeddable":true,"href":"https:\/\/pivotfox.solutions\/en\/wp-json\/wp\/v2\/users\/1"}],"replies":[{"embeddable":true,"href":"https:\/\/pivotfox.solutions\/en\/wp-json\/wp\/v2\/comments?post=1925"}],"version-history":[{"count":24,"href":"https:\/\/pivotfox.solutions\/en\/wp-json\/wp\/v2\/pages\/1925\/revisions"}],"predecessor-version":[{"id":2594,"href":"https:\/\/pivotfox.solutions\/en\/wp-json\/wp\/v2\/pages\/1925\/revisions\/2594"}],"wp:attachment":[{"href":"https:\/\/pivotfox.solutions\/en\/wp-json\/wp\/v2\/media?parent=1925"}],"curies":[{"name":"wp","href":"https:\/\/api.w.org\/{rel}","templated":true}]}}