{"id":1999,"date":"2024-03-20T10:07:42","date_gmt":"2024-03-20T10:07:42","guid":{"rendered":"https:\/\/pivotfox.solutions\/?page_id=1999"},"modified":"2024-11-20T11:19:06","modified_gmt":"2024-11-20T11:19:06","slug":"offshoring","status":"publish","type":"page","link":"https:\/\/pivotfox.solutions\/en\/offshoring\/","title":{"rendered":"Off-Shoring"},"content":{"rendered":"<div data-elementor-type=\"wp-page\" data-elementor-id=\"1999\" class=\"elementor elementor-1999\">\n\t\t\t\t<div class=\"elementor-element elementor-element-b05fea9 e-con-full e-flex e-con e-parent\" data-id=\"b05fea9\" data-element_type=\"container\" data-e-type=\"container\" data-settings=\"{&quot;background_background&quot;:&quot;gradient&quot;}\">\n\t\t<div class=\"elementor-element elementor-element-3d23456 e-flex e-con-boxed e-con e-child\" data-id=\"3d23456\" data-element_type=\"container\" data-e-type=\"container\">\n\t\t\t\t\t<div class=\"e-con-inner\">\n\t\t\t\t<div class=\"elementor-element elementor-element-e647cf5 elementor-widget elementor-widget-heading\" data-id=\"e647cf5\" data-element_type=\"widget\" data-e-type=\"widget\" data-widget_type=\"heading.default\">\n\t\t\t\t<div class=\"elementor-widget-container\">\n\t\t\t\t\t<h2 class=\"elementor-heading-title elementor-size-default\">OFFSHORING<\/h2>\t\t\t\t<\/div>\n\t\t\t\t<\/div>\n\t\t\t\t\t<\/div>\n\t\t\t\t<\/div>\n\t\t\t\t<\/div>\n\t\t<div class=\"elementor-element elementor-element-0bfdff9 e-flex e-con-boxed e-con e-parent\" data-id=\"0bfdff9\" data-element_type=\"container\" data-e-type=\"container\">\n\t\t\t\t\t<div class=\"e-con-inner\">\n\t\t\t\t<div class=\"elementor-element elementor-element-6dc8832 elementor-widget elementor-widget-spacer\" data-id=\"6dc8832\" data-element_type=\"widget\" data-e-type=\"widget\" data-widget_type=\"spacer.default\">\n\t\t\t\t<div class=\"elementor-widget-container\">\n\t\t\t\t\t\t\t<div class=\"elementor-spacer\">\n\t\t\t<div class=\"elementor-spacer-inner\"><\/div>\n\t\t<\/div>\n\t\t\t\t\t\t<\/div>\n\t\t\t\t<\/div>\n\t\t\t\t<div class=\"elementor-element elementor-element-1a71261 elementor-widget elementor-widget-image\" data-id=\"1a71261\" data-element_type=\"widget\" data-e-type=\"widget\" data-widget_type=\"image.default\">\n\t\t\t\t<div class=\"elementor-widget-container\">\n\t\t\t\t\t\t\t\t\t\t\t\t\t\t\t<img fetchpriority=\"high\" decoding=\"async\" width=\"768\" height=\"413\" src=\"https:\/\/pivotfox.solutions\/wp-content\/uploads\/2024\/03\/world-map-map-world-297446-768x413.png\" class=\"attachment-medium_large size-medium_large wp-image-2001\" alt=\"world map, map, world-297446.jpg\" srcset=\"https:\/\/pivotfox.solutions\/wp-content\/uploads\/2024\/03\/world-map-map-world-297446-768x413.png 768w, https:\/\/pivotfox.solutions\/wp-content\/uploads\/2024\/03\/world-map-map-world-297446-300x161.png 300w, https:\/\/pivotfox.solutions\/wp-content\/uploads\/2024\/03\/world-map-map-world-297446-1024x550.png 1024w, https:\/\/pivotfox.solutions\/wp-content\/uploads\/2024\/03\/world-map-map-world-297446-18x10.png 18w, https:\/\/pivotfox.solutions\/wp-content\/uploads\/2024\/03\/world-map-map-world-297446.png 1280w\" sizes=\"(max-width: 768px) 100vw, 768px\" \/>\t\t\t\t\t\t\t\t\t\t\t\t\t\t\t<\/div>\n\t\t\t\t<\/div>\n\t\t\t\t<div class=\"elementor-element elementor-element-68ee924 elementor-widget elementor-widget-spacer\" data-id=\"68ee924\" data-element_type=\"widget\" data-e-type=\"widget\" data-widget_type=\"spacer.default\">\n\t\t\t\t<div class=\"elementor-widget-container\">\n\t\t\t\t\t\t\t<div class=\"elementor-spacer\">\n\t\t\t<div class=\"elementor-spacer-inner\"><\/div>\n\t\t<\/div>\n\t\t\t\t\t\t<\/div>\n\t\t\t\t<\/div>\n\t\t\t\t<div class=\"elementor-element elementor-element-ca67371 elementor-widget elementor-widget-text-editor\" data-id=\"ca67371\" data-element_type=\"widget\" data-e-type=\"widget\" data-widget_type=\"text-editor.default\">\n\t\t\t\t<div class=\"elementor-widget-container\">\n\t\t\t\t\t\t\t\t\t<p>In der heutigen digitalen Welt sind Mitarbeiter mit Digitalkompetenzen entscheidend f\u00fcr den Erfolg von Unternehmen. Da der Mangel an IT-Fachkr\u00e4ften immer gr\u00f6\u00dfer wird, greifen nicht nur gro\u00dfe Unternehmen, sondern auch mittelst\u00e4ndische Betriebe und Start-ups zunehmend auf IT-Talentpools in S\u00fcdostasien und Osteuropa zur\u00fcck.<br \/><br \/>Wir haben langj\u00e4hrige Erfahrung im Offshoring, von der Rekrutierung qualifizierter IT-Fachkr\u00e4fte bis hin zur Steuerung von Entwicklerteams aus der Ferne. In Indien betreiben wir zudem eigene IT-Entwicklungszentren. Unsere Dienstleistungen umfassen sowohl die Offshore-Entwicklungsarbeit als auch das BOT-Modell (Build-Operate-Transfer), bei dem wir Unternehmen helfen, ein IT-Team aufzubauen, das sp\u00e4ter in eine eigenst\u00e4ndige Firma \u00fcberf\u00fchrt werden kann.<\/p>\t\t\t\t\t\t\t\t<\/div>\n\t\t\t\t<\/div>\n\t\t\t\t<div class=\"elementor-element elementor-element-a0f7e54 elementor-widget elementor-widget-spacer\" data-id=\"a0f7e54\" data-element_type=\"widget\" data-e-type=\"widget\" data-widget_type=\"spacer.default\">\n\t\t\t\t<div class=\"elementor-widget-container\">\n\t\t\t\t\t\t\t<div class=\"elementor-spacer\">\n\t\t\t<div class=\"elementor-spacer-inner\"><\/div>\n\t\t<\/div>\n\t\t\t\t\t\t<\/div>\n\t\t\t\t<\/div>\n\t\t\t\t\t<\/div>\n\t\t\t\t<\/div>\n\t\t\t\t<\/div>","protected":false},"excerpt":{"rendered":"<p>OFFSHORING In der heutigen digitalen Welt sind Mitarbeiter mit Digitalkompetenzen entscheidend f\u00fcr den Erfolg von Unternehmen. Da der Mangel an IT-Fachkr\u00e4ften immer gr\u00f6\u00dfer wird, greifen nicht nur gro\u00dfe Unternehmen, sondern auch mittelst\u00e4ndische Betriebe und Start-ups zunehmend auf IT-Talentpools in S\u00fcdostasien und Osteuropa zur\u00fcck. Wir haben langj\u00e4hrige Erfahrung im Offshoring, von der Rekrutierung qualifizierter IT-Fachkr\u00e4fte bis [&hellip;]<\/p>\n","protected":false},"author":1,"featured_media":0,"parent":0,"menu_order":0,"comment_status":"closed","ping_status":"closed","template":"","meta":{"_uag_custom_page_level_css":"","order-bump-settings":[],"_wpfnl_thankyou_order_overview":"on","_wpfnl_thankyou_order_details":"on","_wpfnl_thankyou_billing_details":"on","_wpfnl_thankyou_shipping_details":"on","site-sidebar-layout":"no-sidebar","site-content-layout":"page-builder","ast-site-content-layout":"full-width-container","site-content-style":"default","site-sidebar-style":"default","ast-global-header-display":"","ast-banner-title-visibility":"","ast-main-header-display":"","ast-hfb-above-header-display":"","ast-hfb-below-header-display":"","ast-hfb-mobile-header-display":"","site-post-title":"disabled","ast-breadcrumbs-content":"","ast-featured-img":"disabled","footer-sml-layout":"","ast-disable-related-posts":"","theme-transparent-header-meta":"","adv-header-id-meta":"","stick-header-meta":"","header-above-stick-meta":"","header-main-stick-meta":"","header-below-stick-meta":"","astra-migrate-meta-layouts":"set","ast-page-background-enabled":"default","ast-page-background-meta":{"desktop":{"background-color":"var(--ast-global-color-4)","background-image":"","background-repeat":"repeat","background-position":"center center","background-size":"auto","background-attachment":"scroll","background-type":"","background-media":"","overlay-type":"","overlay-color":"","overlay-opacity":"","overlay-gradient":""},"tablet":{"background-color":"","background-image":"","background-repeat":"repeat","background-position":"center center","background-size":"auto","background-attachment":"scroll","background-type":"","background-media":"","overlay-type":"","overlay-color":"","overlay-opacity":"","overlay-gradient":""},"mobile":{"background-color":"","background-image":"","background-repeat":"repeat","background-position":"center center","background-size":"auto","background-attachment":"scroll","background-type":"","background-media":"","overlay-type":"","overlay-color":"","overlay-opacity":"","overlay-gradient":""}},"ast-content-background-meta":{"desktop":{"background-color":"var(--ast-global-color-5)","background-image":"","background-repeat":"repeat","background-position":"center center","background-size":"auto","background-attachment":"scroll","background-type":"","background-media":"","overlay-type":"","overlay-color":"","overlay-opacity":"","overlay-gradient":""},"tablet":{"background-color":"var(--ast-global-color-5)","background-image":"","background-repeat":"repeat","background-position":"center center","background-size":"auto","background-attachment":"scroll","background-type":"","background-media":"","overlay-type":"","overlay-color":"","overlay-opacity":"","overlay-gradient":""},"mobile":{"background-color":"var(--ast-global-color-5)","background-image":"","background-repeat":"repeat","background-position":"center center","background-size":"auto","background-attachment":"scroll","background-type":"","background-media":"","overlay-type":"","overlay-color":"","overlay-opacity":"","overlay-gradient":""}},"footnotes":""},"class_list":["post-1999","page","type-page","status-publish","hentry"],"yoast_head":"<!-- This site is optimized with the Yoast SEO plugin v23.3 - https:\/\/yoast.com\/wordpress\/plugins\/seo\/ -->\n<title>Offshoring - pivotfox solutions<\/title>\n<meta name=\"robots\" content=\"index, follow, max-snippet:-1, max-image-preview:large, max-video-preview:-1\" \/>\n<link rel=\"canonical\" href=\"https:\/\/pivotfox.solutions\/en\/offshoring\/\" \/>\n<meta property=\"og:locale\" content=\"en_US\" \/>\n<meta property=\"og:type\" content=\"article\" \/>\n<meta property=\"og:title\" content=\"Offshoring - pivotfox solutions\" \/>\n<meta property=\"og:description\" content=\"OFFSHORING In der heutigen digitalen Welt sind Mitarbeiter mit Digitalkompetenzen entscheidend f\u00fcr den Erfolg von Unternehmen. Da der Mangel an IT-Fachkr\u00e4ften immer gr\u00f6\u00dfer wird, greifen nicht nur gro\u00dfe Unternehmen, sondern auch mittelst\u00e4ndische Betriebe und Start-ups zunehmend auf IT-Talentpools in S\u00fcdostasien und Osteuropa zur\u00fcck. Wir haben langj\u00e4hrige Erfahrung im Offshoring, von der Rekrutierung qualifizierter IT-Fachkr\u00e4fte bis [&hellip;]\" \/>\n<meta property=\"og:url\" content=\"https:\/\/pivotfox.solutions\/en\/offshoring\/\" \/>\n<meta property=\"og:site_name\" content=\"pivotfox solutions\" \/>\n<meta property=\"article:modified_time\" content=\"2024-11-20T11:19:06+00:00\" \/>\n<meta property=\"og:image\" content=\"http:\/\/pivotfox.solutions\/wp-content\/uploads\/2024\/03\/world-map-map-world-297446-768x413.png\" \/>\n<meta name=\"twitter:card\" content=\"summary_large_image\" \/>\n<script type=\"application\/ld+json\" class=\"yoast-schema-graph\">{\"@context\":\"https:\/\/schema.org\",\"@graph\":[{\"@type\":\"WebPage\",\"@id\":\"https:\/\/pivotfox.solutions\/offshoring\/\",\"url\":\"https:\/\/pivotfox.solutions\/offshoring\/\",\"name\":\"Offshoring - pivotfox solutions\",\"isPartOf\":{\"@id\":\"https:\/\/pivotfox.solutions\/#website\"},\"primaryImageOfPage\":{\"@id\":\"https:\/\/pivotfox.solutions\/offshoring\/#primaryimage\"},\"image\":{\"@id\":\"https:\/\/pivotfox.solutions\/offshoring\/#primaryimage\"},\"thumbnailUrl\":\"http:\/\/pivotfox.solutions\/wp-content\/uploads\/2024\/03\/world-map-map-world-297446-768x413.png\",\"datePublished\":\"2024-03-20T10:07:42+00:00\",\"dateModified\":\"2024-11-20T11:19:06+00:00\",\"breadcrumb\":{\"@id\":\"https:\/\/pivotfox.solutions\/offshoring\/#breadcrumb\"},\"inLanguage\":\"en-US\",\"potentialAction\":[{\"@type\":\"ReadAction\",\"target\":[\"https:\/\/pivotfox.solutions\/offshoring\/\"]}]},{\"@type\":\"ImageObject\",\"inLanguage\":\"en-US\",\"@id\":\"https:\/\/pivotfox.solutions\/offshoring\/#primaryimage\",\"url\":\"http:\/\/pivotfox.solutions\/wp-content\/uploads\/2024\/03\/world-map-map-world-297446-768x413.png\",\"contentUrl\":\"http:\/\/pivotfox.solutions\/wp-content\/uploads\/2024\/03\/world-map-map-world-297446-768x413.png\"},{\"@type\":\"BreadcrumbList\",\"@id\":\"https:\/\/pivotfox.solutions\/offshoring\/#breadcrumb\",\"itemListElement\":[{\"@type\":\"ListItem\",\"position\":1,\"name\":\"Home\",\"item\":\"https:\/\/pivotfox.solutions\/\"},{\"@type\":\"ListItem\",\"position\":2,\"name\":\"Offshoring\"}]},{\"@type\":\"WebSite\",\"@id\":\"https:\/\/pivotfox.solutions\/#website\",\"url\":\"https:\/\/pivotfox.solutions\/\",\"name\":\"pivotfox solutions\",\"description\":\"\",\"publisher\":{\"@id\":\"https:\/\/pivotfox.solutions\/#organization\"},\"potentialAction\":[{\"@type\":\"SearchAction\",\"target\":{\"@type\":\"EntryPoint\",\"urlTemplate\":\"https:\/\/pivotfox.solutions\/?s={search_term_string}\"},\"query-input\":\"required name=search_term_string\"}],\"inLanguage\":\"en-US\"},{\"@type\":\"Organization\",\"@id\":\"https:\/\/pivotfox.solutions\/#organization\",\"name\":\"pivotfox solutions\",\"url\":\"https:\/\/pivotfox.solutions\/\",\"logo\":{\"@type\":\"ImageObject\",\"inLanguage\":\"en-US\",\"@id\":\"https:\/\/pivotfox.solutions\/#\/schema\/logo\/image\/\",\"url\":\"https:\/\/pivotfox.solutions\/wp-content\/uploads\/2024\/06\/cropped-cropped-pivotfox-solutions-grun-ohne-Hintergrund.png\",\"contentUrl\":\"https:\/\/pivotfox.solutions\/wp-content\/uploads\/2024\/06\/cropped-cropped-pivotfox-solutions-grun-ohne-Hintergrund.png\",\"width\":1491,\"height\":468,\"caption\":\"pivotfox solutions\"},\"image\":{\"@id\":\"https:\/\/pivotfox.solutions\/#\/schema\/logo\/image\/\"}}]}<\/script>\n<!-- \/ Yoast SEO plugin. -->","yoast_head_json":{"title":"Offshoring - pivotfox solutions","robots":{"index":"index","follow":"follow","max-snippet":"max-snippet:-1","max-image-preview":"max-image-preview:large","max-video-preview":"max-video-preview:-1"},"canonical":"https:\/\/pivotfox.solutions\/en\/offshoring\/","og_locale":"en_US","og_type":"article","og_title":"Offshoring - pivotfox solutions","og_description":"OFFSHORING In der heutigen digitalen Welt sind Mitarbeiter mit Digitalkompetenzen entscheidend f\u00fcr den Erfolg von Unternehmen. Da der Mangel an IT-Fachkr\u00e4ften immer gr\u00f6\u00dfer wird, greifen nicht nur gro\u00dfe Unternehmen, sondern auch mittelst\u00e4ndische Betriebe und Start-ups zunehmend auf IT-Talentpools in S\u00fcdostasien und Osteuropa zur\u00fcck. Wir haben langj\u00e4hrige Erfahrung im Offshoring, von der Rekrutierung qualifizierter IT-Fachkr\u00e4fte bis [&hellip;]","og_url":"https:\/\/pivotfox.solutions\/en\/offshoring\/","og_site_name":"pivotfox solutions","article_modified_time":"2024-11-20T11:19:06+00:00","og_image":[{"url":"http:\/\/pivotfox.solutions\/wp-content\/uploads\/2024\/03\/world-map-map-world-297446-768x413.png"}],"twitter_card":"summary_large_image","schema":{"@context":"https:\/\/schema.org","@graph":[{"@type":"WebPage","@id":"https:\/\/pivotfox.solutions\/offshoring\/","url":"https:\/\/pivotfox.solutions\/offshoring\/","name":"Offshoring - pivotfox solutions","isPartOf":{"@id":"https:\/\/pivotfox.solutions\/#website"},"primaryImageOfPage":{"@id":"https:\/\/pivotfox.solutions\/offshoring\/#primaryimage"},"image":{"@id":"https:\/\/pivotfox.solutions\/offshoring\/#primaryimage"},"thumbnailUrl":"http:\/\/pivotfox.solutions\/wp-content\/uploads\/2024\/03\/world-map-map-world-297446-768x413.png","datePublished":"2024-03-20T10:07:42+00:00","dateModified":"2024-11-20T11:19:06+00:00","breadcrumb":{"@id":"https:\/\/pivotfox.solutions\/offshoring\/#breadcrumb"},"inLanguage":"en-US","potentialAction":[{"@type":"ReadAction","target":["https:\/\/pivotfox.solutions\/offshoring\/"]}]},{"@type":"ImageObject","inLanguage":"en-US","@id":"https:\/\/pivotfox.solutions\/offshoring\/#primaryimage","url":"http:\/\/pivotfox.solutions\/wp-content\/uploads\/2024\/03\/world-map-map-world-297446-768x413.png","contentUrl":"http:\/\/pivotfox.solutions\/wp-content\/uploads\/2024\/03\/world-map-map-world-297446-768x413.png"},{"@type":"BreadcrumbList","@id":"https:\/\/pivotfox.solutions\/offshoring\/#breadcrumb","itemListElement":[{"@type":"ListItem","position":1,"name":"Home","item":"https:\/\/pivotfox.solutions\/"},{"@type":"ListItem","position":2,"name":"Offshoring"}]},{"@type":"WebSite","@id":"https:\/\/pivotfox.solutions\/#website","url":"https:\/\/pivotfox.solutions\/","name":"pivotfox solutions","description":"","publisher":{"@id":"https:\/\/pivotfox.solutions\/#organization"},"potentialAction":[{"@type":"SearchAction","target":{"@type":"EntryPoint","urlTemplate":"https:\/\/pivotfox.solutions\/?s={search_term_string}"},"query-input":"required name=search_term_string"}],"inLanguage":"en-US"},{"@type":"Organization","@id":"https:\/\/pivotfox.solutions\/#organization","name":"pivotfox solutions","url":"https:\/\/pivotfox.solutions\/","logo":{"@type":"ImageObject","inLanguage":"en-US","@id":"https:\/\/pivotfox.solutions\/#\/schema\/logo\/image\/","url":"https:\/\/pivotfox.solutions\/wp-content\/uploads\/2024\/06\/cropped-cropped-pivotfox-solutions-grun-ohne-Hintergrund.png","contentUrl":"https:\/\/pivotfox.solutions\/wp-content\/uploads\/2024\/06\/cropped-cropped-pivotfox-solutions-grun-ohne-Hintergrund.png","width":1491,"height":468,"caption":"pivotfox solutions"},"image":{"@id":"https:\/\/pivotfox.solutions\/#\/schema\/logo\/image\/"}}]}},"uagb_featured_image_src":{"full":false,"thumbnail":false,"medium":false,"medium_large":false,"large":false,"1536x1536":false,"2048x2048":false,"trp-custom-language-flag":false,"woocommerce_thumbnail":false,"woocommerce_single":false,"woocommerce_gallery_thumbnail":false},"uagb_author_info":{"display_name":"pivotfox","author_link":"https:\/\/pivotfox.solutions\/en\/author\/multisiteadmin\/"},"uagb_comment_info":0,"uagb_excerpt":"OFFSHORING In der heutigen digitalen Welt sind Mitarbeiter mit Digitalkompetenzen entscheidend f\u00fcr den Erfolg von Unternehmen. Da der Mangel an IT-Fachkr\u00e4ften immer gr\u00f6\u00dfer wird, greifen nicht nur gro\u00dfe Unternehmen, sondern auch mittelst\u00e4ndische Betriebe und Start-ups zunehmend auf IT-Talentpools in S\u00fcdostasien und Osteuropa zur\u00fcck. Wir haben langj\u00e4hrige Erfahrung im Offshoring, von der Rekrutierung qualifizierter IT-Fachkr\u00e4fte bis&hellip;","_links":{"self":[{"href":"https:\/\/pivotfox.solutions\/en\/wp-json\/wp\/v2\/pages\/1999","targetHints":{"allow":["GET"]}}],"collection":[{"href":"https:\/\/pivotfox.solutions\/en\/wp-json\/wp\/v2\/pages"}],"about":[{"href":"https:\/\/pivotfox.solutions\/en\/wp-json\/wp\/v2\/types\/page"}],"author":[{"embeddable":true,"href":"https:\/\/pivotfox.solutions\/en\/wp-json\/wp\/v2\/users\/1"}],"replies":[{"embeddable":true,"href":"https:\/\/pivotfox.solutions\/en\/wp-json\/wp\/v2\/comments?post=1999"}],"version-history":[{"count":38,"href":"https:\/\/pivotfox.solutions\/en\/wp-json\/wp\/v2\/pages\/1999\/revisions"}],"predecessor-version":[{"id":2591,"href":"https:\/\/pivotfox.solutions\/en\/wp-json\/wp\/v2\/pages\/1999\/revisions\/2591"}],"wp:attachment":[{"href":"https:\/\/pivotfox.solutions\/en\/wp-json\/wp\/v2\/media?parent=1999"}],"curies":[{"name":"wp","href":"https:\/\/api.w.org\/{rel}","templated":true}]}}