{"id":3,"date":"2023-11-13T07:08:53","date_gmt":"2023-11-13T07:08:53","guid":{"rendered":"http:\/\/pivotfox.solutions\/?page_id=3"},"modified":"2024-11-20T11:17:41","modified_gmt":"2024-11-20T11:17:41","slug":"datenschutz","status":"publish","type":"page","link":"https:\/\/pivotfox.solutions\/en\/datenschutz\/","title":{"rendered":"Privacy Policy"},"content":{"rendered":"\t\t<div data-elementor-type=\"wp-page\" data-elementor-id=\"3\" class=\"elementor elementor-3\">\n\t\t\t\t<div class=\"elementor-element elementor-element-4249988 e-con-full e-flex e-con e-parent\" data-id=\"4249988\" data-element_type=\"container\" data-e-type=\"container\" data-settings=\"{&quot;background_background&quot;:&quot;gradient&quot;}\">\n\t\t\t\t<div class=\"elementor-element elementor-element-e156b8d elementor-widget elementor-widget-heading\" data-id=\"e156b8d\" data-element_type=\"widget\" data-e-type=\"widget\" data-widget_type=\"heading.default\">\n\t\t\t\t<div class=\"elementor-widget-container\">\n\t\t\t\t\t<h2 class=\"elementor-heading-title elementor-size-default\">DATENSCHUTZ<\/h2>\t\t\t\t<\/div>\n\t\t\t\t<\/div>\n\t\t\t\t<\/div>\n\t\t<div class=\"elementor-element elementor-element-bb7d79f e-flex e-con-boxed e-con e-parent\" data-id=\"bb7d79f\" data-element_type=\"container\" data-e-type=\"container\">\n\t\t\t\t\t<div class=\"e-con-inner\">\n\t\t\t\t<div class=\"elementor-element elementor-element-40e3f39 elementor-widget elementor-widget-spacer\" data-id=\"40e3f39\" data-element_type=\"widget\" data-e-type=\"widget\" data-widget_type=\"spacer.default\">\n\t\t\t\t<div class=\"elementor-widget-container\">\n\t\t\t\t\t\t\t<div class=\"elementor-spacer\">\n\t\t\t<div class=\"elementor-spacer-inner\"><\/div>\n\t\t<\/div>\n\t\t\t\t\t\t<\/div>\n\t\t\t\t<\/div>\n\t\t\t\t<div class=\"elementor-element elementor-element-7e5e20c elementor-widget elementor-widget-text-editor\" data-id=\"7e5e20c\" data-element_type=\"widget\" data-e-type=\"widget\" data-widget_type=\"text-editor.default\">\n\t\t\t\t<div class=\"elementor-widget-container\">\n\t\t\t\t\t\t\t\t\t<p><strong>Datenschutzerkl\u00e4rung<\/strong><\/p><p>In dieser Datenschutzerkl\u00e4rung informieren wir Sie \u00fcber die Verarbeitung Ihrer personenbezogenen Daten.<\/p><p>Sofern Sie Ihre Datenschutzeinstellungen \u00e4ndern m\u00f6chten (Einwilligungen erteilen oder bereits erteilte Einwilligungen widerrufen), klicken Sie\u00a0hier\u00a0um Ihre Einstellungen zu \u00e4ndern.<\/p><p><strong>\u00a0<\/strong><\/p><p><strong>Verantwortlich<\/strong><\/p><p>Marc Schickedanz, pivotfox solutions GmbH, Cuvilli\u00e9sstr. 14, 81679 M\u00fcnchen , Deutschland, hello[at]pivotfox.solutions<\/p><p><strong>\u00a0<\/strong><\/p><p><strong>Kontaktformular<\/strong><\/p><p>Auf unserer Website besteht die M\u00f6glichkeit, durch ein Kontaktformular direkt mit uns in Kontakt zu treten. Nach Absenden des Kontaktformulars erfolgt eine Verarbeitung der von Ihnen eingegebenen personenbezogenen Daten durch den Verantwortlichen zum Zweck der Bearbeitung Ihrer Anfrage auf Grundlage der von Ihnen durch das Absenden des Formulars erteilten Einwilligung gem. Art. 6 Abs. 1 lit. a DSGVO bis auf Widerruf.<br \/>Es besteht keine gesetzliche oder vertragliche Verpflichtung zur Bereitstellung der personenbezogenen Daten. Die Nichtbereitstellung hat lediglich zur Folge, dass Sie Ihr Anliegen nicht \u00fcbermitteln und wir dieses nicht bearbeiten k\u00f6nnen.<\/p><p>\u00a0<\/p><p><strong>Bewerbungsformular<\/strong><\/p><p>Wir bieten Ihnen auf unserer Website die M\u00f6glichkeit, Ihre Bewerbung online einzureichen. Zum Zweck der Bearbeitung Ihrer Bewerbung verarbeiten wir Ihre im Rahmen des Bewerbungsformulars angef\u00fchrten personenbezogenen Daten auf Grundlage eines vorvertraglichen Verh\u00e4ltnisses gem. Art. 6 Abs. 1 lit. b DSGVO bis auf Widerruf bzw. l\u00e4ngstens jedoch f\u00fcr die Dauer von 6 Monaten nach Abschluss des Bewerbungsverfahrens.<\/p><p>Sollten Sie eine Evidenzhaltung Ihrer \u00fcbermittelten Unterlagen ausdr\u00fccklich w\u00fcnschen, erfolgt die Aufbewahrung Ihrer Unterlagen f\u00fcr die Dauer von maximal 18 Monaten auf der Rechtsgrundlage Ihrer Einwilligung gem. Art. 6 Abs. 1 lit. a DSGVO.<\/p><p>Es besteht keine gesetzliche oder vertragliche Verpflichtung zur Bereitstellung der personenbezogenen Daten. Die Nichtbereitstellung hat lediglich zur Folge, dass wir Ihre Bewerbung nicht bearbeiten k\u00f6nnen.<\/p><p>Eine Weitergabe Ihrer Bewerberdaten an Dritte erfolgt nicht.<\/p><p>\u00a0<\/p><p><strong>Widerspruchsrecht<\/strong><\/p><p>Sofern die Verarbeitung Ihrer personenbezogenen Daten auf Grundlage des berechtigten Interesses erfolgt, haben Sie das Recht gegen diese Verarbeitung zu widersprechen.<\/p><p>Sofern keine zwingenden schutzw\u00fcrdigen Gr\u00fcnde f\u00fcr die Verarbeitung unsererseits vorliegen, wird die Verarbeitung Ihrer Daten auf Basis dieser Rechtsgrundlage eingestellt.<\/p><p>Zudem haben Sie das Recht, der Verarbeitung Ihrer personenbezogenen Daten zum Zweck der Direktwerbung zu widersprechen. Im Fall des Widerspruchs werden Ihre personenbezogenen Daten nicht mehr zum Zweck der Direktwerbung verarbeitet.<\/p><p>Die Rechtm\u00e4\u00dfigkeit der bis zum Widerspruch verarbeiteten Daten wird durch den Widerspruch nicht ber\u00fchrt.<\/p><p>\u00a0<\/p><p><strong>Widerrufsrecht<\/strong><\/p><p>Sie haben das Recht eine bereits erteilte Einwilligung jederzeit zu widerrufen, indem Sie die\u00a0Datenschutzeinstellungen\u00a0\u00e4ndern.<\/p><p>Im Fall der Einwilligung in den Erhalt elektronischer Werbung kann der Widerruf Ihrer Einwilligung durch Klick auf den Abmeldelink erfolgen. In diesem Fall wird eine Verarbeitung, sofern keine andere Rechtsgrundlage besteht, eingestellt.<\/p><p>Die Rechtm\u00e4\u00dfigkeit der bis zum Widerruf verarbeiteten Daten wird durch den Widerruf nicht ber\u00fchrt.<\/p><p>\u00a0<\/p><p><strong>Betroffenenrechte<\/strong><\/p><p>Sie haben zudem das Recht auf Auskunft, Berichtigung, L\u00f6schung und Einschr\u00e4nkung der Verarbeitung der personenbezogenen Daten.<\/p><p>Soweit die Rechtsgrundlage der Verarbeitung Ihrer personenbezogenen Daten in Ihrer Einwilligung oder in einem mit Ihnen abgeschlossenen Vertrag besteht, haben Sie \u00fcberdies das Recht auf Daten\u00fcbertragbarkeit.<\/p><p>Weiters haben Sie das Recht auf Beschwerde bei der Aufsichtsbeh\u00f6rde. N\u00e4here Informationen zu den Aufsichtsbeh\u00f6rden in der Europ\u00e4ischen Union finden Sie\u00a0hier.<\/p><p>\u00a0<\/p><p>Stand: November 2024<\/p>\t\t\t\t\t\t\t\t<\/div>\n\t\t\t\t<\/div>\n\t\t\t\t<div class=\"elementor-element elementor-element-f1e51ef elementor-widget elementor-widget-spacer\" data-id=\"f1e51ef\" data-element_type=\"widget\" data-e-type=\"widget\" data-widget_type=\"spacer.default\">\n\t\t\t\t<div class=\"elementor-widget-container\">\n\t\t\t\t\t\t\t<div class=\"elementor-spacer\">\n\t\t\t<div class=\"elementor-spacer-inner\"><\/div>\n\t\t<\/div>\n\t\t\t\t\t\t<\/div>\n\t\t\t\t<\/div>\n\t\t\t\t\t<\/div>\n\t\t\t\t<\/div>\n\t\t\t\t<\/div>\n\t\t","protected":false},"excerpt":{"rendered":"<p>DATENSCHUTZ Datenschutzerkl\u00e4rung In dieser Datenschutzerkl\u00e4rung informieren wir Sie \u00fcber die Verarbeitung Ihrer personenbezogenen Daten. Sofern Sie Ihre Datenschutzeinstellungen \u00e4ndern m\u00f6chten (Einwilligungen erteilen oder bereits erteilte Einwilligungen widerrufen), klicken Sie\u00a0hier\u00a0um Ihre Einstellungen zu \u00e4ndern. \u00a0 Verantwortlich Marc Schickedanz, pivotfox solutions GmbH, Cuvilli\u00e9sstr. 14, 81679 M\u00fcnchen , Deutschland, hello[at]pivotfox.solutions \u00a0 Kontaktformular Auf unserer Website besteht die M\u00f6glichkeit, [&hellip;]<\/p>\n","protected":false},"author":1,"featured_media":0,"parent":0,"menu_order":0,"comment_status":"closed","ping_status":"closed","template":"","meta":{"_uag_custom_page_level_css":"","order-bump-settings":[],"_wpfnl_thankyou_order_overview":"on","_wpfnl_thankyou_order_details":"on","_wpfnl_thankyou_billing_details":"on","_wpfnl_thankyou_shipping_details":"on","site-sidebar-layout":"no-sidebar","site-content-layout":"","ast-site-content-layout":"full-width-container","site-content-style":"default","site-sidebar-style":"default","ast-global-header-display":"","ast-banner-title-visibility":"","ast-main-header-display":"","ast-hfb-above-header-display":"","ast-hfb-below-header-display":"","ast-hfb-mobile-header-display":"","site-post-title":"disabled","ast-breadcrumbs-content":"","ast-featured-img":"disabled","footer-sml-layout":"","ast-disable-related-posts":"","theme-transparent-header-meta":"","adv-header-id-meta":"","stick-header-meta":"","header-above-stick-meta":"","header-main-stick-meta":"","header-below-stick-meta":"","astra-migrate-meta-layouts":"set","ast-page-background-enabled":"default","ast-page-background-meta":{"desktop":{"background-color":"var(--ast-global-color-4)","background-image":"","background-repeat":"repeat","background-position":"center center","background-size":"auto","background-attachment":"scroll","background-type":"","background-media":"","overlay-type":"","overlay-color":"","overlay-opacity":"","overlay-gradient":""},"tablet":{"background-color":"","background-image":"","background-repeat":"repeat","background-position":"center center","background-size":"auto","background-attachment":"scroll","background-type":"","background-media":"","overlay-type":"","overlay-color":"","overlay-opacity":"","overlay-gradient":""},"mobile":{"background-color":"","background-image":"","background-repeat":"repeat","background-position":"center center","background-size":"auto","background-attachment":"scroll","background-type":"","background-media":"","overlay-type":"","overlay-color":"","overlay-opacity":"","overlay-gradient":""}},"ast-content-background-meta":{"desktop":{"background-color":"var(--ast-global-color-5)","background-image":"","background-repeat":"repeat","background-position":"center center","background-size":"auto","background-attachment":"scroll","background-type":"","background-media":"","overlay-type":"","overlay-color":"","overlay-opacity":"","overlay-gradient":""},"tablet":{"background-color":"var(--ast-global-color-5)","background-image":"","background-repeat":"repeat","background-position":"center center","background-size":"auto","background-attachment":"scroll","background-type":"","background-media":"","overlay-type":"","overlay-color":"","overlay-opacity":"","overlay-gradient":""},"mobile":{"background-color":"var(--ast-global-color-5)","background-image":"","background-repeat":"repeat","background-position":"center center","background-size":"auto","background-attachment":"scroll","background-type":"","background-media":"","overlay-type":"","overlay-color":"","overlay-opacity":"","overlay-gradient":""}},"footnotes":""},"class_list":["post-3","page","type-page","status-publish","hentry"],"yoast_head":"<!-- This site is optimized with the Yoast SEO plugin v23.3 - https:\/\/yoast.com\/wordpress\/plugins\/seo\/ -->\n<title>Datenschutz - pivotfox solutions<\/title>\n<meta name=\"robots\" content=\"index, follow, max-snippet:-1, max-image-preview:large, max-video-preview:-1\" \/>\n<link rel=\"canonical\" href=\"https:\/\/pivotfox.solutions\/en\/datenschutz\/\" \/>\n<meta property=\"og:locale\" content=\"en_US\" \/>\n<meta property=\"og:type\" content=\"article\" \/>\n<meta property=\"og:title\" content=\"Datenschutz - pivotfox solutions\" \/>\n<meta property=\"og:description\" content=\"DATENSCHUTZ Datenschutzerkl\u00e4rung In dieser Datenschutzerkl\u00e4rung informieren wir Sie \u00fcber die Verarbeitung Ihrer personenbezogenen Daten. Sofern Sie Ihre Datenschutzeinstellungen \u00e4ndern m\u00f6chten (Einwilligungen erteilen oder bereits erteilte Einwilligungen widerrufen), klicken Sie\u00a0hier\u00a0um Ihre Einstellungen zu \u00e4ndern. \u00a0 Verantwortlich Marc Schickedanz, pivotfox solutions GmbH, Cuvilli\u00e9sstr. 14, 81679 M\u00fcnchen , Deutschland, hello[at]pivotfox.solutions \u00a0 Kontaktformular Auf unserer Website besteht die M\u00f6glichkeit, [&hellip;]\" \/>\n<meta property=\"og:url\" content=\"https:\/\/pivotfox.solutions\/en\/datenschutz\/\" \/>\n<meta property=\"og:site_name\" content=\"pivotfox solutions\" \/>\n<meta property=\"article:modified_time\" content=\"2024-11-20T11:17:41+00:00\" \/>\n<meta name=\"twitter:card\" content=\"summary_large_image\" \/>\n<meta name=\"twitter:label1\" content=\"Est. reading time\" \/>\n\t<meta name=\"twitter:data1\" content=\"3 minutes\" \/>\n<script type=\"application\/ld+json\" class=\"yoast-schema-graph\">{\"@context\":\"https:\/\/schema.org\",\"@graph\":[{\"@type\":\"WebPage\",\"@id\":\"https:\/\/pivotfox.solutions\/datenschutz\/\",\"url\":\"https:\/\/pivotfox.solutions\/datenschutz\/\",\"name\":\"Datenschutz - pivotfox solutions\",\"isPartOf\":{\"@id\":\"https:\/\/pivotfox.solutions\/#website\"},\"datePublished\":\"2023-11-13T07:08:53+00:00\",\"dateModified\":\"2024-11-20T11:17:41+00:00\",\"breadcrumb\":{\"@id\":\"https:\/\/pivotfox.solutions\/datenschutz\/#breadcrumb\"},\"inLanguage\":\"en-US\",\"potentialAction\":[{\"@type\":\"ReadAction\",\"target\":[\"https:\/\/pivotfox.solutions\/datenschutz\/\"]}]},{\"@type\":\"BreadcrumbList\",\"@id\":\"https:\/\/pivotfox.solutions\/datenschutz\/#breadcrumb\",\"itemListElement\":[{\"@type\":\"ListItem\",\"position\":1,\"name\":\"Home\",\"item\":\"https:\/\/pivotfox.solutions\/\"},{\"@type\":\"ListItem\",\"position\":2,\"name\":\"Datenschutz\"}]},{\"@type\":\"WebSite\",\"@id\":\"https:\/\/pivotfox.solutions\/#website\",\"url\":\"https:\/\/pivotfox.solutions\/\",\"name\":\"pivotfox solutions\",\"description\":\"\",\"publisher\":{\"@id\":\"https:\/\/pivotfox.solutions\/#organization\"},\"potentialAction\":[{\"@type\":\"SearchAction\",\"target\":{\"@type\":\"EntryPoint\",\"urlTemplate\":\"https:\/\/pivotfox.solutions\/?s={search_term_string}\"},\"query-input\":\"required name=search_term_string\"}],\"inLanguage\":\"en-US\"},{\"@type\":\"Organization\",\"@id\":\"https:\/\/pivotfox.solutions\/#organization\",\"name\":\"pivotfox solutions\",\"url\":\"https:\/\/pivotfox.solutions\/\",\"logo\":{\"@type\":\"ImageObject\",\"inLanguage\":\"en-US\",\"@id\":\"https:\/\/pivotfox.solutions\/#\/schema\/logo\/image\/\",\"url\":\"https:\/\/pivotfox.solutions\/wp-content\/uploads\/2024\/06\/cropped-cropped-pivotfox-solutions-grun-ohne-Hintergrund.png\",\"contentUrl\":\"https:\/\/pivotfox.solutions\/wp-content\/uploads\/2024\/06\/cropped-cropped-pivotfox-solutions-grun-ohne-Hintergrund.png\",\"width\":1491,\"height\":468,\"caption\":\"pivotfox solutions\"},\"image\":{\"@id\":\"https:\/\/pivotfox.solutions\/#\/schema\/logo\/image\/\"}}]}<\/script>\n<!-- \/ Yoast SEO plugin. -->","yoast_head_json":{"title":"Datenschutz - pivotfox solutions","robots":{"index":"index","follow":"follow","max-snippet":"max-snippet:-1","max-image-preview":"max-image-preview:large","max-video-preview":"max-video-preview:-1"},"canonical":"https:\/\/pivotfox.solutions\/en\/datenschutz\/","og_locale":"en_US","og_type":"article","og_title":"Datenschutz - pivotfox solutions","og_description":"DATENSCHUTZ Datenschutzerkl\u00e4rung In dieser Datenschutzerkl\u00e4rung informieren wir Sie \u00fcber die Verarbeitung Ihrer personenbezogenen Daten. Sofern Sie Ihre Datenschutzeinstellungen \u00e4ndern m\u00f6chten (Einwilligungen erteilen oder bereits erteilte Einwilligungen widerrufen), klicken Sie\u00a0hier\u00a0um Ihre Einstellungen zu \u00e4ndern. \u00a0 Verantwortlich Marc Schickedanz, pivotfox solutions GmbH, Cuvilli\u00e9sstr. 14, 81679 M\u00fcnchen , Deutschland, hello[at]pivotfox.solutions \u00a0 Kontaktformular Auf unserer Website besteht die M\u00f6glichkeit, [&hellip;]","og_url":"https:\/\/pivotfox.solutions\/en\/datenschutz\/","og_site_name":"pivotfox solutions","article_modified_time":"2024-11-20T11:17:41+00:00","twitter_card":"summary_large_image","twitter_misc":{"Est. reading time":"3 minutes"},"schema":{"@context":"https:\/\/schema.org","@graph":[{"@type":"WebPage","@id":"https:\/\/pivotfox.solutions\/datenschutz\/","url":"https:\/\/pivotfox.solutions\/datenschutz\/","name":"Datenschutz - pivotfox solutions","isPartOf":{"@id":"https:\/\/pivotfox.solutions\/#website"},"datePublished":"2023-11-13T07:08:53+00:00","dateModified":"2024-11-20T11:17:41+00:00","breadcrumb":{"@id":"https:\/\/pivotfox.solutions\/datenschutz\/#breadcrumb"},"inLanguage":"en-US","potentialAction":[{"@type":"ReadAction","target":["https:\/\/pivotfox.solutions\/datenschutz\/"]}]},{"@type":"BreadcrumbList","@id":"https:\/\/pivotfox.solutions\/datenschutz\/#breadcrumb","itemListElement":[{"@type":"ListItem","position":1,"name":"Home","item":"https:\/\/pivotfox.solutions\/"},{"@type":"ListItem","position":2,"name":"Datenschutz"}]},{"@type":"WebSite","@id":"https:\/\/pivotfox.solutions\/#website","url":"https:\/\/pivotfox.solutions\/","name":"pivotfox solutions","description":"","publisher":{"@id":"https:\/\/pivotfox.solutions\/#organization"},"potentialAction":[{"@type":"SearchAction","target":{"@type":"EntryPoint","urlTemplate":"https:\/\/pivotfox.solutions\/?s={search_term_string}"},"query-input":"required name=search_term_string"}],"inLanguage":"en-US"},{"@type":"Organization","@id":"https:\/\/pivotfox.solutions\/#organization","name":"pivotfox solutions","url":"https:\/\/pivotfox.solutions\/","logo":{"@type":"ImageObject","inLanguage":"en-US","@id":"https:\/\/pivotfox.solutions\/#\/schema\/logo\/image\/","url":"https:\/\/pivotfox.solutions\/wp-content\/uploads\/2024\/06\/cropped-cropped-pivotfox-solutions-grun-ohne-Hintergrund.png","contentUrl":"https:\/\/pivotfox.solutions\/wp-content\/uploads\/2024\/06\/cropped-cropped-pivotfox-solutions-grun-ohne-Hintergrund.png","width":1491,"height":468,"caption":"pivotfox solutions"},"image":{"@id":"https:\/\/pivotfox.solutions\/#\/schema\/logo\/image\/"}}]}},"uagb_featured_image_src":{"full":false,"thumbnail":false,"medium":false,"medium_large":false,"large":false,"1536x1536":false,"2048x2048":false,"trp-custom-language-flag":false,"woocommerce_thumbnail":false,"woocommerce_single":false,"woocommerce_gallery_thumbnail":false},"uagb_author_info":{"display_name":"pivotfox","author_link":"https:\/\/pivotfox.solutions\/en\/author\/multisiteadmin\/"},"uagb_comment_info":0,"uagb_excerpt":"DATENSCHUTZ Datenschutzerkl\u00e4rung In dieser Datenschutzerkl\u00e4rung informieren wir Sie \u00fcber die Verarbeitung Ihrer personenbezogenen Daten. Sofern Sie Ihre Datenschutzeinstellungen \u00e4ndern m\u00f6chten (Einwilligungen erteilen oder bereits erteilte Einwilligungen widerrufen), klicken Sie\u00a0hier\u00a0um Ihre Einstellungen zu \u00e4ndern. \u00a0 Verantwortlich Marc Schickedanz, pivotfox solutions GmbH, Cuvilli\u00e9sstr. 14, 81679 M\u00fcnchen , Deutschland, hello[at]pivotfox.solutions \u00a0 Kontaktformular Auf unserer Website besteht die M\u00f6glichkeit,&hellip;","_links":{"self":[{"href":"https:\/\/pivotfox.solutions\/en\/wp-json\/wp\/v2\/pages\/3","targetHints":{"allow":["GET"]}}],"collection":[{"href":"https:\/\/pivotfox.solutions\/en\/wp-json\/wp\/v2\/pages"}],"about":[{"href":"https:\/\/pivotfox.solutions\/en\/wp-json\/wp\/v2\/types\/page"}],"author":[{"embeddable":true,"href":"https:\/\/pivotfox.solutions\/en\/wp-json\/wp\/v2\/users\/1"}],"replies":[{"embeddable":true,"href":"https:\/\/pivotfox.solutions\/en\/wp-json\/wp\/v2\/comments?post=3"}],"version-history":[{"count":30,"href":"https:\/\/pivotfox.solutions\/en\/wp-json\/wp\/v2\/pages\/3\/revisions"}],"predecessor-version":[{"id":2581,"href":"https:\/\/pivotfox.solutions\/en\/wp-json\/wp\/v2\/pages\/3\/revisions\/2581"}],"wp:attachment":[{"href":"https:\/\/pivotfox.solutions\/en\/wp-json\/wp\/v2\/media?parent=3"}],"curies":[{"name":"wp","href":"https:\/\/api.w.org\/{rel}","templated":true}]}}